{"id":5476,"date":"2023-06-27T13:32:07","date_gmt":"2023-06-27T18:32:07","guid":{"rendered":"https:\/\/dynamicmedellin.com\/index.php\/producto\/dji-mini-3-pro-rc\/"},"modified":"2024-03-30T13:47:29","modified_gmt":"2024-03-30T18:47:29","slug":"dji-mini-3-pro-rc","status":"publish","type":"product","link":"https:\/\/dynamicmedellin.com\/index.php\/producto\/dji-mini-3-pro-rc\/","title":{"rendered":"Dji mini 3 pro Rc (control con pantalla)"},"content":{"rendered":"<p>\ud83d\ude81 DJI Mini 3 Pro Rc<br \/>\n&#8211; \ud83c\udfcb\ufe0f\u200d\u2640\ufe0f Peso al despegue: &lt;249 g<br \/>\n&#8211; \ud83d\udcd0 Dimensiones (L\u00d7W\u00d7H):<br \/>\n&#8211; Plegado: 145\u00d790\u00d762 mm<br \/>\n&#8211; Desplegado: 171\u00d7245\u00d762 mm<br \/>\n&#8211; Desplegado (con h\u00e9lices): 251\u00d7362\u00d770 mm<br \/>\n&#8211; \u2b06\ufe0f Velocidad de ascenso m\u00e1xima: 5 m\/s (modo S), 3 m\/s (modo N), 2 m\/s (modo C)<br \/>\n&#8211; \u2b07\ufe0f Velocidad de descenso m\u00e1xima: 5 m\/s (modo S), 3 m\/s (modo N), 1.5 m\/s (modo C)<br \/>\n&#8211; \ud83c\udfce\ufe0f Velocidad m\u00e1xima: 16 m\/s (modo S), 10 m\/s (modo N), 6 m\/s (modo C)<br \/>\n&#8211; \ud83c\udfd4\ufe0f Altura m\u00e1xima de servicio sobre el nivel del mar: 4000 m con bater\u00eda de vuelo inteligente, 3000 m con bater\u00eda de vuelo inteligente Plus<br \/>\n&#8211; \ud83d\udd52 Tiempo m\u00e1ximo de vuelo: 34 minutos con bater\u00eda de vuelo inteligente, 47 minutos con bater\u00eda de vuelo inteligente Plus<br \/>\n&#8211; \ud83d\udeeb Distancia m\u00e1xima de vuelo: 18 km con bater\u00eda de vuelo inteligente<br \/>\n&#8211; \ud83d\udca8 Resistencia m\u00e1xima al viento: 10.7 m\/s (nivel 5)<br \/>\n&#8211; \ud83c\udf21\ufe0f Temperatura de operaci\u00f3n: -10\u00b0 a 40\u00b0 C (14\u00b0 a 104\u00b0 F)<br \/>\n&#8211; \ud83d\udef0\ufe0f Sistema Global de Navegaci\u00f3n por Sat\u00e9lite (GNSS): GPS + Galileo + BeiDou<br \/>\n&#8211; \ud83d\udce1 Frecuencia de operaci\u00f3n: 2.400-2.4835 GHz, 5.725-5.850 GHz<br \/>\n&#8211; \ud83d\udd0a Potencia del transmisor (EIRP): 2.4 GHz: &lt;26 dBm (FCC), &lt;20 dBm (CE\/SRRC\/MIC); 5.8 GHz: &lt;26 dBm (FCC\/SRRC), &lt;14 dBm (CE)<br \/>\n&#8211; \ud83d\udcf7 C\u00e1mara:<br \/>\n&#8211; \ud83e\udde9 Sensor: 1\/1.3-inch CMOS, 48 MP efectivos<br \/>\n&#8211; \ud83d\udd76\ufe0f Lente: FOV 82.1\u00b0, equivalente a 24 mm, apertura f\/1.7, rango de enfoque 1 m a \u221e<br \/>\n&#8211; \ud83c\udfa5 Resoluci\u00f3n de video: 4K: 3840\u00d72160@24\/25\/30\/48\/50\/60fps; 2.7K: 2720\u00d71530@24\/25\/30\/48\/50\/60fps; FHD: 1920\u00d71080@24\/25\/30\/48\/50\/<\/p>\n","protected":false},"excerpt":{"rendered":"<p>\ud83d\ude81 DJI Mini 3 Pro Rc &#8211; \ud83c\udfcb\ufe0f\u200d\u2640\ufe0f Peso al despegue: &lt;249 g &#8211; \ud83d\udcd0 Dimensiones (L\u00d7W\u00d7H): &#8211; Plegado: 145\u00d790\u00d762 mm &#8211; Desplegado: 171\u00d7245\u00d762 mm &#8211; Desplegado (con h\u00e9lices): 251\u00d7362\u00d770 mm &#8211; \u2b06\ufe0f Velocidad de ascenso m\u00e1xima: 5 m\/s (modo S), 3 m\/s (modo N), 2 m\/s (modo C) &#8211; \u2b07\ufe0f Velocidad de descenso m\u00e1xima: [&hellip;]<\/p>\n","protected":false},"featured_media":20535,"comment_status":"open","ping_status":"closed","template":"","meta":{"_monsterinsights_skip_tracking":false,"_monsterinsights_sitenote_active":false,"_monsterinsights_sitenote_note":"","_monsterinsights_sitenote_category":0},"product_brand":[37],"product_cat":[89,42],"product_tag":[],"class_list":{"0":"post-5476","1":"product","2":"type-product","3":"status-publish","4":"has-post-thumbnail","6":"product_brand-dji","7":"product_cat-catalogo-drones-dynamic-medellin","8":"product_cat-dronesprofesionales","10":"first","11":"outofstock","12":"shipping-taxable","13":"product-type-simple"},"yoast_head":"<!-- This site is optimized with the Yoast SEO Premium plugin v21.4 (Yoast SEO v27.4) - https:\/\/yoast.com\/product\/yoast-seo-premium-wordpress\/ -->\n<title>Dji mini 3 pro Rc (control con pantalla) - Dynamic Medell\u00edn<\/title>\n<meta name=\"robots\" content=\"index, follow, max-snippet:-1, max-image-preview:large, max-video-preview:-1\" \/>\n<link rel=\"canonical\" href=\"https:\/\/dynamicmedellin.com\/index.php\/producto\/dji-mini-3-pro-rc\/\" \/>\n<meta property=\"og:locale\" content=\"es_ES\" \/>\n<meta property=\"og:type\" content=\"article\" \/>\n<meta property=\"og:title\" content=\"Dji mini 3 pro Rc (control con pantalla)\" \/>\n<meta property=\"og:description\" content=\"\ud83d\ude81 DJI Mini 3 Pro Rc &#8211; \ud83c\udfcb\ufe0f\u200d\u2640\ufe0f Peso al despegue: &lt;249 g &#8211; \ud83d\udcd0 Dimensiones (L\u00d7W\u00d7H): &#8211; Plegado: 145\u00d790\u00d762 mm &#8211; Desplegado: 171\u00d7245\u00d762 mm &#8211; Desplegado (con h\u00e9lices): 251\u00d7362\u00d770 mm &#8211; \u2b06\ufe0f Velocidad de ascenso m\u00e1xima: 5 m\/s (modo S), 3 m\/s (modo N), 2 m\/s (modo C) &#8211; \u2b07\ufe0f Velocidad de descenso m\u00e1xima: [&hellip;]\" \/>\n<meta property=\"og:url\" content=\"https:\/\/dynamicmedellin.com\/index.php\/producto\/dji-mini-3-pro-rc\/\" \/>\n<meta property=\"og:site_name\" content=\"Dynamic Medell\u00edn\" \/>\n<meta property=\"article:publisher\" content=\"https:\/\/www.facebook.com\/dynamicmedellinn?_rdc=1&amp;_rdr\" \/>\n<meta property=\"article:modified_time\" content=\"2024-03-30T18:47:29+00:00\" \/>\n<meta property=\"og:image\" content=\"https:\/\/i0.wp.com\/dynamicmedellin.com\/wp-content\/uploads\/2023\/06\/mini3pro.png?fit=1080%2C1080&ssl=1\" \/>\n\t<meta property=\"og:image:width\" content=\"1080\" \/>\n\t<meta property=\"og:image:height\" content=\"1080\" \/>\n\t<meta property=\"og:image:type\" content=\"image\/png\" \/>\n<meta name=\"twitter:card\" content=\"summary_large_image\" \/>\n<meta name=\"twitter:label1\" content=\"Tiempo de lectura\" \/>\n\t<meta name=\"twitter:data1\" content=\"2 minutos\" \/>\n<script type=\"application\/ld+json\" class=\"yoast-schema-graph\">{\"@context\":\"https:\\\/\\\/schema.org\",\"@graph\":[{\"@type\":\"WebPage\",\"@id\":\"https:\\\/\\\/dynamicmedellin.com\\\/index.php\\\/producto\\\/dji-mini-3-pro-rc\\\/\",\"url\":\"https:\\\/\\\/dynamicmedellin.com\\\/index.php\\\/producto\\\/dji-mini-3-pro-rc\\\/\",\"name\":\"Dji mini 3 pro Rc (control con pantalla) - Dynamic Medell\u00edn\",\"isPartOf\":{\"@id\":\"https:\\\/\\\/dynamicmedellin.com\\\/#website\"},\"primaryImageOfPage\":{\"@id\":\"https:\\\/\\\/dynamicmedellin.com\\\/index.php\\\/producto\\\/dji-mini-3-pro-rc\\\/#primaryimage\"},\"image\":{\"@id\":\"https:\\\/\\\/dynamicmedellin.com\\\/index.php\\\/producto\\\/dji-mini-3-pro-rc\\\/#primaryimage\"},\"thumbnailUrl\":\"https:\\\/\\\/i0.wp.com\\\/dynamicmedellin.com\\\/wp-content\\\/uploads\\\/2023\\\/06\\\/mini3pro.png?fit=1080%2C1080&ssl=1\",\"datePublished\":\"2023-06-27T18:32:07+00:00\",\"dateModified\":\"2024-03-30T18:47:29+00:00\",\"breadcrumb\":{\"@id\":\"https:\\\/\\\/dynamicmedellin.com\\\/index.php\\\/producto\\\/dji-mini-3-pro-rc\\\/#breadcrumb\"},\"inLanguage\":\"es\",\"potentialAction\":[{\"@type\":\"ReadAction\",\"target\":[\"https:\\\/\\\/dynamicmedellin.com\\\/index.php\\\/producto\\\/dji-mini-3-pro-rc\\\/\"]}]},{\"@type\":\"ImageObject\",\"inLanguage\":\"es\",\"@id\":\"https:\\\/\\\/dynamicmedellin.com\\\/index.php\\\/producto\\\/dji-mini-3-pro-rc\\\/#primaryimage\",\"url\":\"https:\\\/\\\/i0.wp.com\\\/dynamicmedellin.com\\\/wp-content\\\/uploads\\\/2023\\\/06\\\/mini3pro.png?fit=1080%2C1080&ssl=1\",\"contentUrl\":\"https:\\\/\\\/i0.wp.com\\\/dynamicmedellin.com\\\/wp-content\\\/uploads\\\/2023\\\/06\\\/mini3pro.png?fit=1080%2C1080&ssl=1\",\"width\":1080,\"height\":1080},{\"@type\":\"BreadcrumbList\",\"@id\":\"https:\\\/\\\/dynamicmedellin.com\\\/index.php\\\/producto\\\/dji-mini-3-pro-rc\\\/#breadcrumb\",\"itemListElement\":[{\"@type\":\"ListItem\",\"position\":1,\"name\":\"Home\",\"item\":\"https:\\\/\\\/dynamicmedellin.com\\\/\"},{\"@type\":\"ListItem\",\"position\":2,\"name\":\"Tienda\",\"item\":\"https:\\\/\\\/dynamicmedellin.com\\\/index.php\\\/tienda\\\/\"},{\"@type\":\"ListItem\",\"position\":3,\"name\":\"Dji mini 3 pro Rc (control con pantalla)\"}]},{\"@type\":\"WebSite\",\"@id\":\"https:\\\/\\\/dynamicmedellin.com\\\/#website\",\"url\":\"https:\\\/\\\/dynamicmedellin.com\\\/\",\"name\":\"Dynamic Medellin\",\"description\":\"Somos tu mejor opci\u00f3n\",\"publisher\":{\"@id\":\"https:\\\/\\\/dynamicmedellin.com\\\/#organization\"},\"alternateName\":\"dynamicmedellin\",\"potentialAction\":[{\"@type\":\"SearchAction\",\"target\":{\"@type\":\"EntryPoint\",\"urlTemplate\":\"https:\\\/\\\/dynamicmedellin.com\\\/?s={search_term_string}\"},\"query-input\":{\"@type\":\"PropertyValueSpecification\",\"valueRequired\":true,\"valueName\":\"search_term_string\"}}],\"inLanguage\":\"es\"},{\"@type\":\"Organization\",\"@id\":\"https:\\\/\\\/dynamicmedellin.com\\\/#organization\",\"name\":\"Dynamic Medellin\",\"url\":\"https:\\\/\\\/dynamicmedellin.com\\\/\",\"logo\":{\"@type\":\"ImageObject\",\"inLanguage\":\"es\",\"@id\":\"https:\\\/\\\/dynamicmedellin.com\\\/#\\\/schema\\\/logo\\\/image\\\/\",\"url\":\"https:\\\/\\\/dynamicmedellin.com\\\/wp-content\\\/uploads\\\/2023\\\/05\\\/info-copia.png\",\"contentUrl\":\"https:\\\/\\\/dynamicmedellin.com\\\/wp-content\\\/uploads\\\/2023\\\/05\\\/info-copia.png\",\"width\":640,\"height\":500,\"caption\":\"Dynamic Medellin\"},\"image\":{\"@id\":\"https:\\\/\\\/dynamicmedellin.com\\\/#\\\/schema\\\/logo\\\/image\\\/\"},\"sameAs\":[\"https:\\\/\\\/www.facebook.com\\\/dynamicmedellinn?_rdc=1&_rdr\",\"https:\\\/\\\/www.instagram.com\\\/dynamicmedellin\\\/\",\"https:\\\/\\\/www.youtube.com\\\/channel\\\/UCzCIIOSv19G1brNDzyxhRjQ\"]}]}<\/script>\n<!-- \/ Yoast SEO Premium plugin. -->","yoast_head_json":{"title":"Dji mini 3 pro Rc (control con pantalla) - Dynamic Medell\u00edn","robots":{"index":"index","follow":"follow","max-snippet":"max-snippet:-1","max-image-preview":"max-image-preview:large","max-video-preview":"max-video-preview:-1"},"canonical":"https:\/\/dynamicmedellin.com\/index.php\/producto\/dji-mini-3-pro-rc\/","og_locale":"es_ES","og_type":"article","og_title":"Dji mini 3 pro Rc (control con pantalla)","og_description":"\ud83d\ude81 DJI Mini 3 Pro Rc &#8211; \ud83c\udfcb\ufe0f\u200d\u2640\ufe0f Peso al despegue: &lt;249 g &#8211; \ud83d\udcd0 Dimensiones (L\u00d7W\u00d7H): &#8211; Plegado: 145\u00d790\u00d762 mm &#8211; Desplegado: 171\u00d7245\u00d762 mm &#8211; Desplegado (con h\u00e9lices): 251\u00d7362\u00d770 mm &#8211; \u2b06\ufe0f Velocidad de ascenso m\u00e1xima: 5 m\/s (modo S), 3 m\/s (modo N), 2 m\/s (modo C) &#8211; \u2b07\ufe0f Velocidad de descenso m\u00e1xima: [&hellip;]","og_url":"https:\/\/dynamicmedellin.com\/index.php\/producto\/dji-mini-3-pro-rc\/","og_site_name":"Dynamic Medell\u00edn","article_publisher":"https:\/\/www.facebook.com\/dynamicmedellinn?_rdc=1&_rdr","article_modified_time":"2024-03-30T18:47:29+00:00","og_image":[{"width":1080,"height":1080,"url":"https:\/\/i0.wp.com\/dynamicmedellin.com\/wp-content\/uploads\/2023\/06\/mini3pro.png?fit=1080%2C1080&ssl=1","type":"image\/png"}],"twitter_card":"summary_large_image","twitter_misc":{"Tiempo de lectura":"2 minutos"},"schema":{"@context":"https:\/\/schema.org","@graph":[{"@type":"WebPage","@id":"https:\/\/dynamicmedellin.com\/index.php\/producto\/dji-mini-3-pro-rc\/","url":"https:\/\/dynamicmedellin.com\/index.php\/producto\/dji-mini-3-pro-rc\/","name":"Dji mini 3 pro Rc (control con pantalla) - Dynamic Medell\u00edn","isPartOf":{"@id":"https:\/\/dynamicmedellin.com\/#website"},"primaryImageOfPage":{"@id":"https:\/\/dynamicmedellin.com\/index.php\/producto\/dji-mini-3-pro-rc\/#primaryimage"},"image":{"@id":"https:\/\/dynamicmedellin.com\/index.php\/producto\/dji-mini-3-pro-rc\/#primaryimage"},"thumbnailUrl":"https:\/\/i0.wp.com\/dynamicmedellin.com\/wp-content\/uploads\/2023\/06\/mini3pro.png?fit=1080%2C1080&ssl=1","datePublished":"2023-06-27T18:32:07+00:00","dateModified":"2024-03-30T18:47:29+00:00","breadcrumb":{"@id":"https:\/\/dynamicmedellin.com\/index.php\/producto\/dji-mini-3-pro-rc\/#breadcrumb"},"inLanguage":"es","potentialAction":[{"@type":"ReadAction","target":["https:\/\/dynamicmedellin.com\/index.php\/producto\/dji-mini-3-pro-rc\/"]}]},{"@type":"ImageObject","inLanguage":"es","@id":"https:\/\/dynamicmedellin.com\/index.php\/producto\/dji-mini-3-pro-rc\/#primaryimage","url":"https:\/\/i0.wp.com\/dynamicmedellin.com\/wp-content\/uploads\/2023\/06\/mini3pro.png?fit=1080%2C1080&ssl=1","contentUrl":"https:\/\/i0.wp.com\/dynamicmedellin.com\/wp-content\/uploads\/2023\/06\/mini3pro.png?fit=1080%2C1080&ssl=1","width":1080,"height":1080},{"@type":"BreadcrumbList","@id":"https:\/\/dynamicmedellin.com\/index.php\/producto\/dji-mini-3-pro-rc\/#breadcrumb","itemListElement":[{"@type":"ListItem","position":1,"name":"Home","item":"https:\/\/dynamicmedellin.com\/"},{"@type":"ListItem","position":2,"name":"Tienda","item":"https:\/\/dynamicmedellin.com\/index.php\/tienda\/"},{"@type":"ListItem","position":3,"name":"Dji mini 3 pro Rc (control con pantalla)"}]},{"@type":"WebSite","@id":"https:\/\/dynamicmedellin.com\/#website","url":"https:\/\/dynamicmedellin.com\/","name":"Dynamic Medellin","description":"Somos tu mejor opci\u00f3n","publisher":{"@id":"https:\/\/dynamicmedellin.com\/#organization"},"alternateName":"dynamicmedellin","potentialAction":[{"@type":"SearchAction","target":{"@type":"EntryPoint","urlTemplate":"https:\/\/dynamicmedellin.com\/?s={search_term_string}"},"query-input":{"@type":"PropertyValueSpecification","valueRequired":true,"valueName":"search_term_string"}}],"inLanguage":"es"},{"@type":"Organization","@id":"https:\/\/dynamicmedellin.com\/#organization","name":"Dynamic Medellin","url":"https:\/\/dynamicmedellin.com\/","logo":{"@type":"ImageObject","inLanguage":"es","@id":"https:\/\/dynamicmedellin.com\/#\/schema\/logo\/image\/","url":"https:\/\/dynamicmedellin.com\/wp-content\/uploads\/2023\/05\/info-copia.png","contentUrl":"https:\/\/dynamicmedellin.com\/wp-content\/uploads\/2023\/05\/info-copia.png","width":640,"height":500,"caption":"Dynamic Medellin"},"image":{"@id":"https:\/\/dynamicmedellin.com\/#\/schema\/logo\/image\/"},"sameAs":["https:\/\/www.facebook.com\/dynamicmedellinn?_rdc=1&_rdr","https:\/\/www.instagram.com\/dynamicmedellin\/","https:\/\/www.youtube.com\/channel\/UCzCIIOSv19G1brNDzyxhRjQ"]}]}},"jetpack_sharing_enabled":true,"_links":{"self":[{"href":"https:\/\/dynamicmedellin.com\/index.php\/wp-json\/wp\/v2\/product\/5476","targetHints":{"allow":["GET"]}}],"collection":[{"href":"https:\/\/dynamicmedellin.com\/index.php\/wp-json\/wp\/v2\/product"}],"about":[{"href":"https:\/\/dynamicmedellin.com\/index.php\/wp-json\/wp\/v2\/types\/product"}],"replies":[{"embeddable":true,"href":"https:\/\/dynamicmedellin.com\/index.php\/wp-json\/wp\/v2\/comments?post=5476"}],"wp:featuredmedia":[{"embeddable":true,"href":"https:\/\/dynamicmedellin.com\/index.php\/wp-json\/wp\/v2\/media\/20535"}],"wp:attachment":[{"href":"https:\/\/dynamicmedellin.com\/index.php\/wp-json\/wp\/v2\/media?parent=5476"}],"wp:term":[{"taxonomy":"product_brand","embeddable":true,"href":"https:\/\/dynamicmedellin.com\/index.php\/wp-json\/wp\/v2\/product_brand?post=5476"},{"taxonomy":"product_cat","embeddable":true,"href":"https:\/\/dynamicmedellin.com\/index.php\/wp-json\/wp\/v2\/product_cat?post=5476"},{"taxonomy":"product_tag","embeddable":true,"href":"https:\/\/dynamicmedellin.com\/index.php\/wp-json\/wp\/v2\/product_tag?post=5476"}],"curies":[{"name":"wp","href":"https:\/\/api.w.org\/{rel}","templated":true}]}}