{"id":19055,"date":"2023-09-20T16:38:20","date_gmt":"2023-09-20T21:38:20","guid":{"rendered":"https:\/\/dynamicmedellin.com\/index.php\/producto\/cable-usb-de-30cm-para-dji-mini-3-pro-dji-mavic-air-2s-air-2-mini-2-type-c-a-type-c\/"},"modified":"2023-11-04T17:22:59","modified_gmt":"2023-11-04T22:22:59","slug":"cable-usb-de-30cm-para-dji-mini-3-pro-dji-mavic-air-2s-air-2-mini-2-type-c-a-type-c","status":"publish","type":"product","link":"https:\/\/dynamicmedellin.com\/index.php\/producto\/cable-usb-de-30cm-para-dji-mini-3-pro-dji-mavic-air-2s-air-2-mini-2-type-c-a-type-c\/","title":{"rendered":"Cable OTG Tipo-C a Tipo C para DJI Mini 3 pro\/DJI Mavic Air 2S\/ Air 2\/ Mini 2"},"content":{"rendered":"<p>\ud83d\udd0c\ud83d\ude81 Cable USB de 30cm para DJI Mini 3 Pro\/DJI Mavic Air 2S\/Air 2\/Mini 2 (TYPE-C a TYPE-C) \ud83d\udd0c\ud83d\udcf1<\/p>\n<p>Esencial para conectar tu dispositivo con tu controlador DJI. Este cable de 30cm proporciona una conexi\u00f3n r\u00e1pida y confiable entre tu controlador y dispositivo m\u00f3vil, garantizando una transmisi\u00f3n de datos estable y sin interrupciones.<\/p>\n<p>Material de Calidad: Duradero y resistente al desgaste diario.<br \/>\nConexi\u00f3n R\u00e1pida: TYPE-C a TYPE-C para una transmisi\u00f3n \u00f3ptima.<br \/>\nDise\u00f1o Compacto: Longitud perfecta de 30cm para evitar enredos y facilitar su transporte.<br \/>\nCompatibilidad: Ideal para DJI Mini 3 Pro, DJI Mavic Air 2S, Air 2 y Mini 2.<br \/>\n\u00a1Mant\u00e9n tu conexi\u00f3n firme y estable en cada vuelo con este cable USB esencial! \ud83d\udd0c\ud83d\udef0\ufe0f<\/p>\n","protected":false},"excerpt":{"rendered":"<p>\ud83d\udd0c\ud83d\ude81 Cable USB de 30cm para DJI Mini 3 Pro\/DJI Mavic Air 2S\/Air 2\/Mini 2 (TYPE-C a TYPE-C) \ud83d\udd0c\ud83d\udcf1 Esencial para conectar tu dispositivo con tu controlador DJI. Este cable de 30cm proporciona una conexi\u00f3n r\u00e1pida y confiable entre tu controlador y dispositivo m\u00f3vil, garantizando una transmisi\u00f3n de datos estable y sin interrupciones. Material de [&hellip;]<\/p>\n","protected":false},"featured_media":19418,"comment_status":"closed","ping_status":"closed","template":"","meta":{"_monsterinsights_skip_tracking":false,"_monsterinsights_sitenote_active":false,"_monsterinsights_sitenote_note":"","_monsterinsights_sitenote_category":0},"product_brand":[],"product_cat":[51],"product_tag":[],"class_list":{"0":"post-19055","1":"product","2":"type-product","3":"status-publish","4":"has-post-thumbnail","6":"product_cat-accesoriosypartesparadrones","8":"first","9":"instock","10":"shipping-taxable","11":"purchasable","12":"product-type-simple"},"yoast_head":"<!-- This site is optimized with the Yoast SEO Premium plugin v21.4 (Yoast SEO v26.5) - https:\/\/yoast.com\/wordpress\/plugins\/seo\/ -->\n<title>Cable OTG Tipo-C a Tipo C para DJI Mini 3 pro\/DJI Mavic Air 2S\/ Air 2\/ Mini 2 - Dynamic Medell\u00edn<\/title>\n<meta name=\"robots\" content=\"index, follow, max-snippet:-1, max-image-preview:large, max-video-preview:-1\" \/>\n<link rel=\"canonical\" href=\"https:\/\/dynamicmedellin.com\/index.php\/producto\/cable-usb-de-30cm-para-dji-mini-3-pro-dji-mavic-air-2s-air-2-mini-2-type-c-a-type-c\/\" \/>\n<meta property=\"og:locale\" content=\"es_ES\" \/>\n<meta property=\"og:type\" content=\"article\" \/>\n<meta property=\"og:title\" content=\"Cable OTG Tipo-C a Tipo C para DJI Mini 3 pro\/DJI Mavic Air 2S\/ Air 2\/ Mini 2\" \/>\n<meta property=\"og:description\" content=\"\ud83d\udd0c\ud83d\ude81 Cable USB de 30cm para DJI Mini 3 Pro\/DJI Mavic Air 2S\/Air 2\/Mini 2 (TYPE-C a TYPE-C) \ud83d\udd0c\ud83d\udcf1 Esencial para conectar tu dispositivo con tu controlador DJI. Este cable de 30cm proporciona una conexi\u00f3n r\u00e1pida y confiable entre tu controlador y dispositivo m\u00f3vil, garantizando una transmisi\u00f3n de datos estable y sin interrupciones. Material de [&hellip;]\" \/>\n<meta property=\"og:url\" content=\"https:\/\/dynamicmedellin.com\/index.php\/producto\/cable-usb-de-30cm-para-dji-mini-3-pro-dji-mavic-air-2s-air-2-mini-2-type-c-a-type-c\/\" \/>\n<meta property=\"og:site_name\" content=\"Dynamic Medell\u00edn\" \/>\n<meta property=\"article:publisher\" content=\"https:\/\/www.facebook.com\/dynamicmedellinn?_rdc=1&amp;_rdr\" \/>\n<meta property=\"article:modified_time\" content=\"2023-11-04T22:22:59+00:00\" \/>\n<meta property=\"og:image\" content=\"https:\/\/i0.wp.com\/dynamicmedellin.com\/wp-content\/uploads\/2023\/09\/65.png?fit=2048%2C2048&ssl=1\" \/>\n\t<meta property=\"og:image:width\" content=\"2048\" \/>\n\t<meta property=\"og:image:height\" content=\"2048\" \/>\n\t<meta property=\"og:image:type\" content=\"image\/png\" \/>\n<meta name=\"twitter:card\" content=\"summary_large_image\" \/>\n<meta name=\"twitter:label1\" content=\"Tiempo de lectura\" \/>\n\t<meta name=\"twitter:data1\" content=\"1 minuto\" \/>\n<script type=\"application\/ld+json\" class=\"yoast-schema-graph\">{\"@context\":\"https:\/\/schema.org\",\"@graph\":[{\"@type\":\"WebPage\",\"@id\":\"https:\/\/dynamicmedellin.com\/index.php\/producto\/cable-usb-de-30cm-para-dji-mini-3-pro-dji-mavic-air-2s-air-2-mini-2-type-c-a-type-c\/\",\"url\":\"https:\/\/dynamicmedellin.com\/index.php\/producto\/cable-usb-de-30cm-para-dji-mini-3-pro-dji-mavic-air-2s-air-2-mini-2-type-c-a-type-c\/\",\"name\":\"Cable OTG Tipo-C a Tipo C para DJI Mini 3 pro\/DJI Mavic Air 2S\/ Air 2\/ Mini 2 - Dynamic Medell\u00edn\",\"isPartOf\":{\"@id\":\"https:\/\/dynamicmedellin.com\/#website\"},\"primaryImageOfPage\":{\"@id\":\"https:\/\/dynamicmedellin.com\/index.php\/producto\/cable-usb-de-30cm-para-dji-mini-3-pro-dji-mavic-air-2s-air-2-mini-2-type-c-a-type-c\/#primaryimage\"},\"image\":{\"@id\":\"https:\/\/dynamicmedellin.com\/index.php\/producto\/cable-usb-de-30cm-para-dji-mini-3-pro-dji-mavic-air-2s-air-2-mini-2-type-c-a-type-c\/#primaryimage\"},\"thumbnailUrl\":\"https:\/\/i0.wp.com\/dynamicmedellin.com\/wp-content\/uploads\/2023\/09\/65.png?fit=2048%2C2048&ssl=1\",\"datePublished\":\"2023-09-20T21:38:20+00:00\",\"dateModified\":\"2023-11-04T22:22:59+00:00\",\"breadcrumb\":{\"@id\":\"https:\/\/dynamicmedellin.com\/index.php\/producto\/cable-usb-de-30cm-para-dji-mini-3-pro-dji-mavic-air-2s-air-2-mini-2-type-c-a-type-c\/#breadcrumb\"},\"inLanguage\":\"es\",\"potentialAction\":[{\"@type\":\"ReadAction\",\"target\":[\"https:\/\/dynamicmedellin.com\/index.php\/producto\/cable-usb-de-30cm-para-dji-mini-3-pro-dji-mavic-air-2s-air-2-mini-2-type-c-a-type-c\/\"]}]},{\"@type\":\"ImageObject\",\"inLanguage\":\"es\",\"@id\":\"https:\/\/dynamicmedellin.com\/index.php\/producto\/cable-usb-de-30cm-para-dji-mini-3-pro-dji-mavic-air-2s-air-2-mini-2-type-c-a-type-c\/#primaryimage\",\"url\":\"https:\/\/i0.wp.com\/dynamicmedellin.com\/wp-content\/uploads\/2023\/09\/65.png?fit=2048%2C2048&ssl=1\",\"contentUrl\":\"https:\/\/i0.wp.com\/dynamicmedellin.com\/wp-content\/uploads\/2023\/09\/65.png?fit=2048%2C2048&ssl=1\",\"width\":2048,\"height\":2048},{\"@type\":\"BreadcrumbList\",\"@id\":\"https:\/\/dynamicmedellin.com\/index.php\/producto\/cable-usb-de-30cm-para-dji-mini-3-pro-dji-mavic-air-2s-air-2-mini-2-type-c-a-type-c\/#breadcrumb\",\"itemListElement\":[{\"@type\":\"ListItem\",\"position\":1,\"name\":\"Home\",\"item\":\"https:\/\/dynamicmedellin.com\/\"},{\"@type\":\"ListItem\",\"position\":2,\"name\":\"Tienda\",\"item\":\"https:\/\/dynamicmedellin.com\/index.php\/tienda\/\"},{\"@type\":\"ListItem\",\"position\":3,\"name\":\"Cable OTG Tipo-C a Tipo C para DJI Mini 3 pro\/DJI Mavic Air 2S\/ Air 2\/ Mini 2\"}]},{\"@type\":\"WebSite\",\"@id\":\"https:\/\/dynamicmedellin.com\/#website\",\"url\":\"https:\/\/dynamicmedellin.com\/\",\"name\":\"Dynamic Medellin\",\"description\":\"Somos tu mejor opci\u00f3n\",\"publisher\":{\"@id\":\"https:\/\/dynamicmedellin.com\/#organization\"},\"alternateName\":\"dynamicmedellin\",\"potentialAction\":[{\"@type\":\"SearchAction\",\"target\":{\"@type\":\"EntryPoint\",\"urlTemplate\":\"https:\/\/dynamicmedellin.com\/?s={search_term_string}\"},\"query-input\":{\"@type\":\"PropertyValueSpecification\",\"valueRequired\":true,\"valueName\":\"search_term_string\"}}],\"inLanguage\":\"es\"},{\"@type\":\"Organization\",\"@id\":\"https:\/\/dynamicmedellin.com\/#organization\",\"name\":\"Dynamic Medellin\",\"url\":\"https:\/\/dynamicmedellin.com\/\",\"logo\":{\"@type\":\"ImageObject\",\"inLanguage\":\"es\",\"@id\":\"https:\/\/dynamicmedellin.com\/#\/schema\/logo\/image\/\",\"url\":\"https:\/\/dynamicmedellin.com\/wp-content\/uploads\/2023\/05\/info-copia.png\",\"contentUrl\":\"https:\/\/dynamicmedellin.com\/wp-content\/uploads\/2023\/05\/info-copia.png\",\"width\":640,\"height\":500,\"caption\":\"Dynamic Medellin\"},\"image\":{\"@id\":\"https:\/\/dynamicmedellin.com\/#\/schema\/logo\/image\/\"},\"sameAs\":[\"https:\/\/www.facebook.com\/dynamicmedellinn?_rdc=1&_rdr\",\"https:\/\/www.instagram.com\/dynamicmedellin\/\",\"https:\/\/www.youtube.com\/channel\/UCzCIIOSv19G1brNDzyxhRjQ\"]}]}<\/script>\n<!-- \/ Yoast SEO Premium plugin. -->","yoast_head_json":{"title":"Cable OTG Tipo-C a Tipo C para DJI Mini 3 pro\/DJI Mavic Air 2S\/ Air 2\/ Mini 2 - Dynamic Medell\u00edn","robots":{"index":"index","follow":"follow","max-snippet":"max-snippet:-1","max-image-preview":"max-image-preview:large","max-video-preview":"max-video-preview:-1"},"canonical":"https:\/\/dynamicmedellin.com\/index.php\/producto\/cable-usb-de-30cm-para-dji-mini-3-pro-dji-mavic-air-2s-air-2-mini-2-type-c-a-type-c\/","og_locale":"es_ES","og_type":"article","og_title":"Cable OTG Tipo-C a Tipo C para DJI Mini 3 pro\/DJI Mavic Air 2S\/ Air 2\/ Mini 2","og_description":"\ud83d\udd0c\ud83d\ude81 Cable USB de 30cm para DJI Mini 3 Pro\/DJI Mavic Air 2S\/Air 2\/Mini 2 (TYPE-C a TYPE-C) \ud83d\udd0c\ud83d\udcf1 Esencial para conectar tu dispositivo con tu controlador DJI. Este cable de 30cm proporciona una conexi\u00f3n r\u00e1pida y confiable entre tu controlador y dispositivo m\u00f3vil, garantizando una transmisi\u00f3n de datos estable y sin interrupciones. Material de [&hellip;]","og_url":"https:\/\/dynamicmedellin.com\/index.php\/producto\/cable-usb-de-30cm-para-dji-mini-3-pro-dji-mavic-air-2s-air-2-mini-2-type-c-a-type-c\/","og_site_name":"Dynamic Medell\u00edn","article_publisher":"https:\/\/www.facebook.com\/dynamicmedellinn?_rdc=1&_rdr","article_modified_time":"2023-11-04T22:22:59+00:00","og_image":[{"width":2048,"height":2048,"url":"https:\/\/i0.wp.com\/dynamicmedellin.com\/wp-content\/uploads\/2023\/09\/65.png?fit=2048%2C2048&ssl=1","type":"image\/png"}],"twitter_card":"summary_large_image","twitter_misc":{"Tiempo de lectura":"1 minuto"},"schema":{"@context":"https:\/\/schema.org","@graph":[{"@type":"WebPage","@id":"https:\/\/dynamicmedellin.com\/index.php\/producto\/cable-usb-de-30cm-para-dji-mini-3-pro-dji-mavic-air-2s-air-2-mini-2-type-c-a-type-c\/","url":"https:\/\/dynamicmedellin.com\/index.php\/producto\/cable-usb-de-30cm-para-dji-mini-3-pro-dji-mavic-air-2s-air-2-mini-2-type-c-a-type-c\/","name":"Cable OTG Tipo-C a Tipo C para DJI Mini 3 pro\/DJI Mavic Air 2S\/ Air 2\/ Mini 2 - Dynamic Medell\u00edn","isPartOf":{"@id":"https:\/\/dynamicmedellin.com\/#website"},"primaryImageOfPage":{"@id":"https:\/\/dynamicmedellin.com\/index.php\/producto\/cable-usb-de-30cm-para-dji-mini-3-pro-dji-mavic-air-2s-air-2-mini-2-type-c-a-type-c\/#primaryimage"},"image":{"@id":"https:\/\/dynamicmedellin.com\/index.php\/producto\/cable-usb-de-30cm-para-dji-mini-3-pro-dji-mavic-air-2s-air-2-mini-2-type-c-a-type-c\/#primaryimage"},"thumbnailUrl":"https:\/\/i0.wp.com\/dynamicmedellin.com\/wp-content\/uploads\/2023\/09\/65.png?fit=2048%2C2048&ssl=1","datePublished":"2023-09-20T21:38:20+00:00","dateModified":"2023-11-04T22:22:59+00:00","breadcrumb":{"@id":"https:\/\/dynamicmedellin.com\/index.php\/producto\/cable-usb-de-30cm-para-dji-mini-3-pro-dji-mavic-air-2s-air-2-mini-2-type-c-a-type-c\/#breadcrumb"},"inLanguage":"es","potentialAction":[{"@type":"ReadAction","target":["https:\/\/dynamicmedellin.com\/index.php\/producto\/cable-usb-de-30cm-para-dji-mini-3-pro-dji-mavic-air-2s-air-2-mini-2-type-c-a-type-c\/"]}]},{"@type":"ImageObject","inLanguage":"es","@id":"https:\/\/dynamicmedellin.com\/index.php\/producto\/cable-usb-de-30cm-para-dji-mini-3-pro-dji-mavic-air-2s-air-2-mini-2-type-c-a-type-c\/#primaryimage","url":"https:\/\/i0.wp.com\/dynamicmedellin.com\/wp-content\/uploads\/2023\/09\/65.png?fit=2048%2C2048&ssl=1","contentUrl":"https:\/\/i0.wp.com\/dynamicmedellin.com\/wp-content\/uploads\/2023\/09\/65.png?fit=2048%2C2048&ssl=1","width":2048,"height":2048},{"@type":"BreadcrumbList","@id":"https:\/\/dynamicmedellin.com\/index.php\/producto\/cable-usb-de-30cm-para-dji-mini-3-pro-dji-mavic-air-2s-air-2-mini-2-type-c-a-type-c\/#breadcrumb","itemListElement":[{"@type":"ListItem","position":1,"name":"Home","item":"https:\/\/dynamicmedellin.com\/"},{"@type":"ListItem","position":2,"name":"Tienda","item":"https:\/\/dynamicmedellin.com\/index.php\/tienda\/"},{"@type":"ListItem","position":3,"name":"Cable OTG Tipo-C a Tipo C para DJI Mini 3 pro\/DJI Mavic Air 2S\/ Air 2\/ Mini 2"}]},{"@type":"WebSite","@id":"https:\/\/dynamicmedellin.com\/#website","url":"https:\/\/dynamicmedellin.com\/","name":"Dynamic Medellin","description":"Somos tu mejor opci\u00f3n","publisher":{"@id":"https:\/\/dynamicmedellin.com\/#organization"},"alternateName":"dynamicmedellin","potentialAction":[{"@type":"SearchAction","target":{"@type":"EntryPoint","urlTemplate":"https:\/\/dynamicmedellin.com\/?s={search_term_string}"},"query-input":{"@type":"PropertyValueSpecification","valueRequired":true,"valueName":"search_term_string"}}],"inLanguage":"es"},{"@type":"Organization","@id":"https:\/\/dynamicmedellin.com\/#organization","name":"Dynamic Medellin","url":"https:\/\/dynamicmedellin.com\/","logo":{"@type":"ImageObject","inLanguage":"es","@id":"https:\/\/dynamicmedellin.com\/#\/schema\/logo\/image\/","url":"https:\/\/dynamicmedellin.com\/wp-content\/uploads\/2023\/05\/info-copia.png","contentUrl":"https:\/\/dynamicmedellin.com\/wp-content\/uploads\/2023\/05\/info-copia.png","width":640,"height":500,"caption":"Dynamic Medellin"},"image":{"@id":"https:\/\/dynamicmedellin.com\/#\/schema\/logo\/image\/"},"sameAs":["https:\/\/www.facebook.com\/dynamicmedellinn?_rdc=1&_rdr","https:\/\/www.instagram.com\/dynamicmedellin\/","https:\/\/www.youtube.com\/channel\/UCzCIIOSv19G1brNDzyxhRjQ"]}]}},"jetpack_sharing_enabled":true,"_links":{"self":[{"href":"https:\/\/dynamicmedellin.com\/index.php\/wp-json\/wp\/v2\/product\/19055","targetHints":{"allow":["GET"]}}],"collection":[{"href":"https:\/\/dynamicmedellin.com\/index.php\/wp-json\/wp\/v2\/product"}],"about":[{"href":"https:\/\/dynamicmedellin.com\/index.php\/wp-json\/wp\/v2\/types\/product"}],"replies":[{"embeddable":true,"href":"https:\/\/dynamicmedellin.com\/index.php\/wp-json\/wp\/v2\/comments?post=19055"}],"wp:featuredmedia":[{"embeddable":true,"href":"https:\/\/dynamicmedellin.com\/index.php\/wp-json\/wp\/v2\/media\/19418"}],"wp:attachment":[{"href":"https:\/\/dynamicmedellin.com\/index.php\/wp-json\/wp\/v2\/media?parent=19055"}],"wp:term":[{"taxonomy":"product_brand","embeddable":true,"href":"https:\/\/dynamicmedellin.com\/index.php\/wp-json\/wp\/v2\/product_brand?post=19055"},{"taxonomy":"product_cat","embeddable":true,"href":"https:\/\/dynamicmedellin.com\/index.php\/wp-json\/wp\/v2\/product_cat?post=19055"},{"taxonomy":"product_tag","embeddable":true,"href":"https:\/\/dynamicmedellin.com\/index.php\/wp-json\/wp\/v2\/product_tag?post=19055"}],"curies":[{"name":"wp","href":"https:\/\/api.w.org\/{rel}","templated":true}]}}