{"id":19022,"date":"2023-09-20T16:37:48","date_gmt":"2023-09-20T21:37:48","guid":{"rendered":"https:\/\/dynamicmedellin.com\/index.php\/producto\/correa-para-nuevo-dji-rc-dji-rc-pro-dji-rc-2\/"},"modified":"2023-09-28T23:14:33","modified_gmt":"2023-09-29T04:14:33","slug":"correa-para-nuevo-dji-rc-dji-rc-pro-dji-rc-2","status":"publish","type":"product","link":"https:\/\/dynamicmedellin.com\/index.php\/producto\/correa-para-nuevo-dji-rc-dji-rc-pro-dji-rc-2\/","title":{"rendered":"Correa para nuevo DJI RC\/DJI RC pro\/DJI RC 2"},"content":{"rendered":"<p>\ud83c\udfae\ud83d\udd17 Correa para Nuevo DJI RC\/DJI RC Pro\/DJI RC 2 \ud83c\udfae\ud83d\udc54<\/p>\n<p>\u00a1Dale un descanso a tus manos! Con nuestra correa dise\u00f1ada espec\u00edficamente para los controles DJI RC, DJI RC Pro y DJI RC 2, nunca m\u00e1s te preocupar\u00e1s por la fatiga o la incomodidad durante esos vuelos prolongados. \ud83d\ude81 Dise\u00f1ada para reposar suavemente en tu cuello, esta correa aligera la carga, permiti\u00e9ndote centrarte plenamente en tus maniobras y capturas. \ud83d\udcf8 Adem\u00e1s, con su material resistente y duradero, \u00a1tu control estar\u00e1 seguro y siempre a tu alcance! Perfecto para pilotos profesionales y entusiastas por igual. \ud83c\udf1f\ud83d\udc4c\ud83c\udffc<\/p>\n","protected":false},"excerpt":{"rendered":"<p>\ud83c\udfae\ud83d\udd17 Correa para Nuevo DJI RC\/DJI RC Pro\/DJI RC 2 \ud83c\udfae\ud83d\udc54 \u00a1Dale un descanso a tus manos! Con nuestra correa dise\u00f1ada espec\u00edficamente para los controles DJI RC, DJI RC Pro y DJI RC 2, nunca m\u00e1s te preocupar\u00e1s por la fatiga o la incomodidad durante esos vuelos prolongados. \ud83d\ude81 Dise\u00f1ada para reposar suavemente en tu [&hellip;]<\/p>\n","protected":false},"featured_media":19284,"comment_status":"closed","ping_status":"closed","template":"","meta":{"_monsterinsights_skip_tracking":false,"_monsterinsights_sitenote_active":false,"_monsterinsights_sitenote_note":"","_monsterinsights_sitenote_category":0},"product_brand":[],"product_cat":[51],"product_tag":[],"class_list":{"0":"post-19022","1":"product","2":"type-product","3":"status-publish","4":"has-post-thumbnail","6":"product_cat-accesoriosypartesparadrones","8":"first","9":"instock","10":"shipping-taxable","11":"purchasable","12":"product-type-simple"},"yoast_head":"<!-- This site is optimized with the Yoast SEO Premium plugin v21.4 (Yoast SEO v26.5) - https:\/\/yoast.com\/wordpress\/plugins\/seo\/ -->\n<title>Correa para nuevo DJI RC\/DJI RC pro\/DJI RC 2 - Dynamic Medell\u00edn<\/title>\n<meta name=\"robots\" content=\"index, follow, max-snippet:-1, max-image-preview:large, max-video-preview:-1\" \/>\n<link rel=\"canonical\" href=\"https:\/\/dynamicmedellin.com\/index.php\/producto\/correa-para-nuevo-dji-rc-dji-rc-pro-dji-rc-2\/\" \/>\n<meta property=\"og:locale\" content=\"es_ES\" \/>\n<meta property=\"og:type\" content=\"article\" \/>\n<meta property=\"og:title\" content=\"Correa para nuevo DJI RC\/DJI RC pro\/DJI RC 2\" \/>\n<meta property=\"og:description\" content=\"\ud83c\udfae\ud83d\udd17 Correa para Nuevo DJI RC\/DJI RC Pro\/DJI RC 2 \ud83c\udfae\ud83d\udc54 \u00a1Dale un descanso a tus manos! Con nuestra correa dise\u00f1ada espec\u00edficamente para los controles DJI RC, DJI RC Pro y DJI RC 2, nunca m\u00e1s te preocupar\u00e1s por la fatiga o la incomodidad durante esos vuelos prolongados. \ud83d\ude81 Dise\u00f1ada para reposar suavemente en tu [&hellip;]\" \/>\n<meta property=\"og:url\" content=\"https:\/\/dynamicmedellin.com\/index.php\/producto\/correa-para-nuevo-dji-rc-dji-rc-pro-dji-rc-2\/\" \/>\n<meta property=\"og:site_name\" content=\"Dynamic Medell\u00edn\" \/>\n<meta property=\"article:publisher\" content=\"https:\/\/www.facebook.com\/dynamicmedellinn?_rdc=1&amp;_rdr\" \/>\n<meta property=\"article:modified_time\" content=\"2023-09-29T04:14:33+00:00\" \/>\n<meta property=\"og:image\" content=\"https:\/\/i0.wp.com\/dynamicmedellin.com\/wp-content\/uploads\/2023\/09\/31.png?fit=2048%2C2048&ssl=1\" \/>\n\t<meta property=\"og:image:width\" content=\"2048\" \/>\n\t<meta property=\"og:image:height\" content=\"2048\" \/>\n\t<meta property=\"og:image:type\" content=\"image\/png\" \/>\n<meta name=\"twitter:card\" content=\"summary_large_image\" \/>\n<meta name=\"twitter:label1\" content=\"Tiempo de lectura\" \/>\n\t<meta name=\"twitter:data1\" content=\"1 minuto\" \/>\n<script type=\"application\/ld+json\" class=\"yoast-schema-graph\">{\"@context\":\"https:\/\/schema.org\",\"@graph\":[{\"@type\":\"WebPage\",\"@id\":\"https:\/\/dynamicmedellin.com\/index.php\/producto\/correa-para-nuevo-dji-rc-dji-rc-pro-dji-rc-2\/\",\"url\":\"https:\/\/dynamicmedellin.com\/index.php\/producto\/correa-para-nuevo-dji-rc-dji-rc-pro-dji-rc-2\/\",\"name\":\"Correa para nuevo DJI RC\/DJI RC pro\/DJI RC 2 - Dynamic Medell\u00edn\",\"isPartOf\":{\"@id\":\"https:\/\/dynamicmedellin.com\/#website\"},\"primaryImageOfPage\":{\"@id\":\"https:\/\/dynamicmedellin.com\/index.php\/producto\/correa-para-nuevo-dji-rc-dji-rc-pro-dji-rc-2\/#primaryimage\"},\"image\":{\"@id\":\"https:\/\/dynamicmedellin.com\/index.php\/producto\/correa-para-nuevo-dji-rc-dji-rc-pro-dji-rc-2\/#primaryimage\"},\"thumbnailUrl\":\"https:\/\/i0.wp.com\/dynamicmedellin.com\/wp-content\/uploads\/2023\/09\/31.png?fit=2048%2C2048&ssl=1\",\"datePublished\":\"2023-09-20T21:37:48+00:00\",\"dateModified\":\"2023-09-29T04:14:33+00:00\",\"breadcrumb\":{\"@id\":\"https:\/\/dynamicmedellin.com\/index.php\/producto\/correa-para-nuevo-dji-rc-dji-rc-pro-dji-rc-2\/#breadcrumb\"},\"inLanguage\":\"es\",\"potentialAction\":[{\"@type\":\"ReadAction\",\"target\":[\"https:\/\/dynamicmedellin.com\/index.php\/producto\/correa-para-nuevo-dji-rc-dji-rc-pro-dji-rc-2\/\"]}]},{\"@type\":\"ImageObject\",\"inLanguage\":\"es\",\"@id\":\"https:\/\/dynamicmedellin.com\/index.php\/producto\/correa-para-nuevo-dji-rc-dji-rc-pro-dji-rc-2\/#primaryimage\",\"url\":\"https:\/\/i0.wp.com\/dynamicmedellin.com\/wp-content\/uploads\/2023\/09\/31.png?fit=2048%2C2048&ssl=1\",\"contentUrl\":\"https:\/\/i0.wp.com\/dynamicmedellin.com\/wp-content\/uploads\/2023\/09\/31.png?fit=2048%2C2048&ssl=1\",\"width\":2048,\"height\":2048},{\"@type\":\"BreadcrumbList\",\"@id\":\"https:\/\/dynamicmedellin.com\/index.php\/producto\/correa-para-nuevo-dji-rc-dji-rc-pro-dji-rc-2\/#breadcrumb\",\"itemListElement\":[{\"@type\":\"ListItem\",\"position\":1,\"name\":\"Home\",\"item\":\"https:\/\/dynamicmedellin.com\/\"},{\"@type\":\"ListItem\",\"position\":2,\"name\":\"Tienda\",\"item\":\"https:\/\/dynamicmedellin.com\/index.php\/tienda\/\"},{\"@type\":\"ListItem\",\"position\":3,\"name\":\"Correa para nuevo DJI RC\/DJI RC pro\/DJI RC 2\"}]},{\"@type\":\"WebSite\",\"@id\":\"https:\/\/dynamicmedellin.com\/#website\",\"url\":\"https:\/\/dynamicmedellin.com\/\",\"name\":\"Dynamic Medellin\",\"description\":\"Somos tu mejor opci\u00f3n\",\"publisher\":{\"@id\":\"https:\/\/dynamicmedellin.com\/#organization\"},\"alternateName\":\"dynamicmedellin\",\"potentialAction\":[{\"@type\":\"SearchAction\",\"target\":{\"@type\":\"EntryPoint\",\"urlTemplate\":\"https:\/\/dynamicmedellin.com\/?s={search_term_string}\"},\"query-input\":{\"@type\":\"PropertyValueSpecification\",\"valueRequired\":true,\"valueName\":\"search_term_string\"}}],\"inLanguage\":\"es\"},{\"@type\":\"Organization\",\"@id\":\"https:\/\/dynamicmedellin.com\/#organization\",\"name\":\"Dynamic Medellin\",\"url\":\"https:\/\/dynamicmedellin.com\/\",\"logo\":{\"@type\":\"ImageObject\",\"inLanguage\":\"es\",\"@id\":\"https:\/\/dynamicmedellin.com\/#\/schema\/logo\/image\/\",\"url\":\"https:\/\/dynamicmedellin.com\/wp-content\/uploads\/2023\/05\/info-copia.png\",\"contentUrl\":\"https:\/\/dynamicmedellin.com\/wp-content\/uploads\/2023\/05\/info-copia.png\",\"width\":640,\"height\":500,\"caption\":\"Dynamic Medellin\"},\"image\":{\"@id\":\"https:\/\/dynamicmedellin.com\/#\/schema\/logo\/image\/\"},\"sameAs\":[\"https:\/\/www.facebook.com\/dynamicmedellinn?_rdc=1&_rdr\",\"https:\/\/www.instagram.com\/dynamicmedellin\/\",\"https:\/\/www.youtube.com\/channel\/UCzCIIOSv19G1brNDzyxhRjQ\"]}]}<\/script>\n<!-- \/ Yoast SEO Premium plugin. -->","yoast_head_json":{"title":"Correa para nuevo DJI RC\/DJI RC pro\/DJI RC 2 - Dynamic Medell\u00edn","robots":{"index":"index","follow":"follow","max-snippet":"max-snippet:-1","max-image-preview":"max-image-preview:large","max-video-preview":"max-video-preview:-1"},"canonical":"https:\/\/dynamicmedellin.com\/index.php\/producto\/correa-para-nuevo-dji-rc-dji-rc-pro-dji-rc-2\/","og_locale":"es_ES","og_type":"article","og_title":"Correa para nuevo DJI RC\/DJI RC pro\/DJI RC 2","og_description":"\ud83c\udfae\ud83d\udd17 Correa para Nuevo DJI RC\/DJI RC Pro\/DJI RC 2 \ud83c\udfae\ud83d\udc54 \u00a1Dale un descanso a tus manos! Con nuestra correa dise\u00f1ada espec\u00edficamente para los controles DJI RC, DJI RC Pro y DJI RC 2, nunca m\u00e1s te preocupar\u00e1s por la fatiga o la incomodidad durante esos vuelos prolongados. \ud83d\ude81 Dise\u00f1ada para reposar suavemente en tu [&hellip;]","og_url":"https:\/\/dynamicmedellin.com\/index.php\/producto\/correa-para-nuevo-dji-rc-dji-rc-pro-dji-rc-2\/","og_site_name":"Dynamic Medell\u00edn","article_publisher":"https:\/\/www.facebook.com\/dynamicmedellinn?_rdc=1&_rdr","article_modified_time":"2023-09-29T04:14:33+00:00","og_image":[{"width":2048,"height":2048,"url":"https:\/\/i0.wp.com\/dynamicmedellin.com\/wp-content\/uploads\/2023\/09\/31.png?fit=2048%2C2048&ssl=1","type":"image\/png"}],"twitter_card":"summary_large_image","twitter_misc":{"Tiempo de lectura":"1 minuto"},"schema":{"@context":"https:\/\/schema.org","@graph":[{"@type":"WebPage","@id":"https:\/\/dynamicmedellin.com\/index.php\/producto\/correa-para-nuevo-dji-rc-dji-rc-pro-dji-rc-2\/","url":"https:\/\/dynamicmedellin.com\/index.php\/producto\/correa-para-nuevo-dji-rc-dji-rc-pro-dji-rc-2\/","name":"Correa para nuevo DJI RC\/DJI RC pro\/DJI RC 2 - Dynamic Medell\u00edn","isPartOf":{"@id":"https:\/\/dynamicmedellin.com\/#website"},"primaryImageOfPage":{"@id":"https:\/\/dynamicmedellin.com\/index.php\/producto\/correa-para-nuevo-dji-rc-dji-rc-pro-dji-rc-2\/#primaryimage"},"image":{"@id":"https:\/\/dynamicmedellin.com\/index.php\/producto\/correa-para-nuevo-dji-rc-dji-rc-pro-dji-rc-2\/#primaryimage"},"thumbnailUrl":"https:\/\/i0.wp.com\/dynamicmedellin.com\/wp-content\/uploads\/2023\/09\/31.png?fit=2048%2C2048&ssl=1","datePublished":"2023-09-20T21:37:48+00:00","dateModified":"2023-09-29T04:14:33+00:00","breadcrumb":{"@id":"https:\/\/dynamicmedellin.com\/index.php\/producto\/correa-para-nuevo-dji-rc-dji-rc-pro-dji-rc-2\/#breadcrumb"},"inLanguage":"es","potentialAction":[{"@type":"ReadAction","target":["https:\/\/dynamicmedellin.com\/index.php\/producto\/correa-para-nuevo-dji-rc-dji-rc-pro-dji-rc-2\/"]}]},{"@type":"ImageObject","inLanguage":"es","@id":"https:\/\/dynamicmedellin.com\/index.php\/producto\/correa-para-nuevo-dji-rc-dji-rc-pro-dji-rc-2\/#primaryimage","url":"https:\/\/i0.wp.com\/dynamicmedellin.com\/wp-content\/uploads\/2023\/09\/31.png?fit=2048%2C2048&ssl=1","contentUrl":"https:\/\/i0.wp.com\/dynamicmedellin.com\/wp-content\/uploads\/2023\/09\/31.png?fit=2048%2C2048&ssl=1","width":2048,"height":2048},{"@type":"BreadcrumbList","@id":"https:\/\/dynamicmedellin.com\/index.php\/producto\/correa-para-nuevo-dji-rc-dji-rc-pro-dji-rc-2\/#breadcrumb","itemListElement":[{"@type":"ListItem","position":1,"name":"Home","item":"https:\/\/dynamicmedellin.com\/"},{"@type":"ListItem","position":2,"name":"Tienda","item":"https:\/\/dynamicmedellin.com\/index.php\/tienda\/"},{"@type":"ListItem","position":3,"name":"Correa para nuevo DJI RC\/DJI RC pro\/DJI RC 2"}]},{"@type":"WebSite","@id":"https:\/\/dynamicmedellin.com\/#website","url":"https:\/\/dynamicmedellin.com\/","name":"Dynamic Medellin","description":"Somos tu mejor opci\u00f3n","publisher":{"@id":"https:\/\/dynamicmedellin.com\/#organization"},"alternateName":"dynamicmedellin","potentialAction":[{"@type":"SearchAction","target":{"@type":"EntryPoint","urlTemplate":"https:\/\/dynamicmedellin.com\/?s={search_term_string}"},"query-input":{"@type":"PropertyValueSpecification","valueRequired":true,"valueName":"search_term_string"}}],"inLanguage":"es"},{"@type":"Organization","@id":"https:\/\/dynamicmedellin.com\/#organization","name":"Dynamic Medellin","url":"https:\/\/dynamicmedellin.com\/","logo":{"@type":"ImageObject","inLanguage":"es","@id":"https:\/\/dynamicmedellin.com\/#\/schema\/logo\/image\/","url":"https:\/\/dynamicmedellin.com\/wp-content\/uploads\/2023\/05\/info-copia.png","contentUrl":"https:\/\/dynamicmedellin.com\/wp-content\/uploads\/2023\/05\/info-copia.png","width":640,"height":500,"caption":"Dynamic Medellin"},"image":{"@id":"https:\/\/dynamicmedellin.com\/#\/schema\/logo\/image\/"},"sameAs":["https:\/\/www.facebook.com\/dynamicmedellinn?_rdc=1&_rdr","https:\/\/www.instagram.com\/dynamicmedellin\/","https:\/\/www.youtube.com\/channel\/UCzCIIOSv19G1brNDzyxhRjQ"]}]}},"jetpack_sharing_enabled":true,"_links":{"self":[{"href":"https:\/\/dynamicmedellin.com\/index.php\/wp-json\/wp\/v2\/product\/19022","targetHints":{"allow":["GET"]}}],"collection":[{"href":"https:\/\/dynamicmedellin.com\/index.php\/wp-json\/wp\/v2\/product"}],"about":[{"href":"https:\/\/dynamicmedellin.com\/index.php\/wp-json\/wp\/v2\/types\/product"}],"replies":[{"embeddable":true,"href":"https:\/\/dynamicmedellin.com\/index.php\/wp-json\/wp\/v2\/comments?post=19022"}],"wp:featuredmedia":[{"embeddable":true,"href":"https:\/\/dynamicmedellin.com\/index.php\/wp-json\/wp\/v2\/media\/19284"}],"wp:attachment":[{"href":"https:\/\/dynamicmedellin.com\/index.php\/wp-json\/wp\/v2\/media?parent=19022"}],"wp:term":[{"taxonomy":"product_brand","embeddable":true,"href":"https:\/\/dynamicmedellin.com\/index.php\/wp-json\/wp\/v2\/product_brand?post=19022"},{"taxonomy":"product_cat","embeddable":true,"href":"https:\/\/dynamicmedellin.com\/index.php\/wp-json\/wp\/v2\/product_cat?post=19022"},{"taxonomy":"product_tag","embeddable":true,"href":"https:\/\/dynamicmedellin.com\/index.php\/wp-json\/wp\/v2\/product_tag?post=19022"}],"curies":[{"name":"wp","href":"https:\/\/api.w.org\/{rel}","templated":true}]}}