{"id":5018,"date":"2023-04-21T09:22:10","date_gmt":"2023-04-21T14:22:10","guid":{"rendered":"https:\/\/solucionesdynamic.com\/?page_id=5018"},"modified":"2025-03-25T14:08:48","modified_gmt":"2025-03-25T19:08:48","slug":"sociales","status":"publish","type":"page","link":"https:\/\/dynamicmedellin.com\/index.php\/sociales\/","title":{"rendered":"Redes y Contacto"},"content":{"rendered":"\t\t<div data-elementor-type=\"wp-page\" data-elementor-id=\"5018\" class=\"elementor elementor-5018\" data-elementor-post-type=\"page\">\n\t\t\t\t\t\t<section class=\"elementor-section elementor-top-section elementor-element elementor-element-0d2be8f elementor-section-boxed elementor-section-height-default elementor-section-height-default\" data-id=\"0d2be8f\" data-element_type=\"section\" data-e-type=\"section\">\n\t\t\t\t\t\t\t<div class=\"elementor-background-overlay\"><\/div>\n\t\t\t\t\t\t\t<div class=\"elementor-container elementor-column-gap-default\">\n\t\t\t\t\t<div class=\"elementor-column elementor-col-100 elementor-top-column elementor-element elementor-element-49669e6\" data-id=\"49669e6\" data-element_type=\"column\" data-e-type=\"column\">\n\t\t\t<div class=\"elementor-widget-wrap elementor-element-populated\">\n\t\t\t\t\t\t<div class=\"elementor-element elementor-element-950abb0 elementor-widget elementor-widget-image\" data-id=\"950abb0\" data-element_type=\"widget\" data-e-type=\"widget\" data-widget_type=\"image.default\">\n\t\t\t\t<div class=\"elementor-widget-container\">\n\t\t\t\t\t\t\t\t\t\t\t\t\t\t\t\t<a href=\"https:\/\/dynamicmedellin.com\/\">\n\t\t\t\t\t\t\t<img decoding=\"async\" width=\"150\" height=\"150\" src=\"https:\/\/i0.wp.com\/dynamicmedellin.com\/wp-content\/uploads\/2024\/06\/finns2.png?resize=150%2C150&amp;ssl=1\" class=\"attachment-thumbnail size-thumbnail wp-image-20926\" alt=\"\" srcset=\"https:\/\/i0.wp.com\/dynamicmedellin.com\/wp-content\/uploads\/2024\/06\/finns2.png?resize=150%2C150&amp;ssl=1 150w, https:\/\/i0.wp.com\/dynamicmedellin.com\/wp-content\/uploads\/2024\/06\/finns2.png?resize=440%2C440&amp;ssl=1 440w, https:\/\/i0.wp.com\/dynamicmedellin.com\/wp-content\/uploads\/2024\/06\/finns2.png?resize=120%2C120&amp;ssl=1 120w, https:\/\/i0.wp.com\/dynamicmedellin.com\/wp-content\/uploads\/2024\/06\/finns2.png?resize=300%2C300&amp;ssl=1 300w, https:\/\/i0.wp.com\/dynamicmedellin.com\/wp-content\/uploads\/2024\/06\/finns2.png?resize=46%2C46&amp;ssl=1 46w, https:\/\/i0.wp.com\/dynamicmedellin.com\/wp-content\/uploads\/2024\/06\/finns2.png?resize=100%2C100&amp;ssl=1 100w, https:\/\/i0.wp.com\/dynamicmedellin.com\/wp-content\/uploads\/2024\/06\/finns2.png?resize=460%2C460&amp;ssl=1 460w, https:\/\/i0.wp.com\/dynamicmedellin.com\/wp-content\/uploads\/2024\/06\/finns2.png?resize=700%2C700&amp;ssl=1 700w\" sizes=\"(max-width: 150px) 100vw, 150px\" loading=\"lazy\" \/>\t\t\t\t\t\t\t\t<\/a>\n\t\t\t\t\t\t\t\t\t\t\t\t\t\t\t<\/div>\n\t\t\t\t<\/div>\n\t\t\t\t<div class=\"elementor-element elementor-element-9e05cac elementor-mobile-align-justify elementor-align-justify elementor-widget-mobile__width-auto elementor-widget elementor-widget-button\" data-id=\"9e05cac\" data-element_type=\"widget\" data-e-type=\"widget\" data-widget_type=\"button.default\">\n\t\t\t\t<div class=\"elementor-widget-container\">\n\t\t\t\t\t\t\t\t\t<div class=\"elementor-button-wrapper\">\n\t\t\t\t\t<a class=\"elementor-button elementor-button-link elementor-size-sm elementor-animation-grow\" href=\"https:\/\/dynamicmedellin.com\/\">\n\t\t\t\t\t\t<span class=\"elementor-button-content-wrapper\">\n\t\t\t\t\t\t<span class=\"elementor-button-icon\">\n\t\t\t\t<i aria-hidden=\"true\" class=\"fas fa-globe\"><\/i>\t\t\t<\/span>\n\t\t\t\t\t\t\t\t<\/span>\n\t\t\t\t\t<\/a>\n\t\t\t\t<\/div>\n\t\t\t\t\t\t\t\t<\/div>\n\t\t\t\t<\/div>\n\t\t\t\t<div class=\"elementor-element elementor-element-5b94729 elementor-mobile-align-justify elementor-align-justify elementor-widget-mobile__width-auto elementor-widget elementor-widget-button\" data-id=\"5b94729\" data-element_type=\"widget\" data-e-type=\"widget\" data-widget_type=\"button.default\">\n\t\t\t\t<div class=\"elementor-widget-container\">\n\t\t\t\t\t\t\t\t\t<div class=\"elementor-button-wrapper\">\n\t\t\t\t\t<a class=\"elementor-button elementor-button-link elementor-size-sm elementor-animation-grow\" href=\"https:\/\/dynamicmedellin.co\/\">\n\t\t\t\t\t\t<span class=\"elementor-button-content-wrapper\">\n\t\t\t\t\t\t<span class=\"elementor-button-icon\">\n\t\t\t\t<i aria-hidden=\"true\" class=\"fas fa-cart-plus\"><\/i>\t\t\t<\/span>\n\t\t\t\t\t\t\t\t<\/span>\n\t\t\t\t\t<\/a>\n\t\t\t\t<\/div>\n\t\t\t\t\t\t\t\t<\/div>\n\t\t\t\t<\/div>\n\t\t\t\t<div class=\"elementor-element elementor-element-84d9a8d elementor-mobile-align-justify elementor-align-justify elementor-widget-mobile__width-auto elementor-widget elementor-widget-button\" data-id=\"84d9a8d\" data-element_type=\"widget\" data-e-type=\"widget\" data-widget_type=\"button.default\">\n\t\t\t\t<div class=\"elementor-widget-container\">\n\t\t\t\t\t\t\t\t\t<div class=\"elementor-button-wrapper\">\n\t\t\t\t\t<a class=\"elementor-button elementor-button-link elementor-size-sm elementor-animation-grow\" href=\"https:\/\/wa.link\/n1fprj\">\n\t\t\t\t\t\t<span class=\"elementor-button-content-wrapper\">\n\t\t\t\t\t\t<span class=\"elementor-button-icon\">\n\t\t\t\t<i aria-hidden=\"true\" class=\"fab fa-whatsapp\"><\/i>\t\t\t<\/span>\n\t\t\t\t\t\t\t\t<\/span>\n\t\t\t\t\t<\/a>\n\t\t\t\t<\/div>\n\t\t\t\t\t\t\t\t<\/div>\n\t\t\t\t<\/div>\n\t\t\t\t<div class=\"elementor-element elementor-element-3cc4a92 elementor-mobile-align-justify elementor-align-justify elementor-widget-mobile__width-auto elementor-widget elementor-widget-button\" data-id=\"3cc4a92\" data-element_type=\"widget\" data-e-type=\"widget\" data-widget_type=\"button.default\">\n\t\t\t\t<div class=\"elementor-widget-container\">\n\t\t\t\t\t\t\t\t\t<div class=\"elementor-button-wrapper\">\n\t\t\t\t\t<a class=\"elementor-button elementor-button-link elementor-size-sm elementor-animation-grow\" href=\"https:\/\/dynamicmedellin.com\/wp-content\/uploads\/2025\/03\/Ventas-Dynamic-Medellin.vcf\" target=\"_blank\" download=\"\">\n\t\t\t\t\t\t<span class=\"elementor-button-content-wrapper\">\n\t\t\t\t\t\t<span class=\"elementor-button-icon\">\n\t\t\t\t<i aria-hidden=\"true\" class=\"fas fa-phone-alt\"><\/i>\t\t\t<\/span>\n\t\t\t\t\t\t\t\t\t<span class=\"elementor-button-text\">Guardar Contacto<\/span>\n\t\t\t\t\t<\/span>\n\t\t\t\t\t<\/a>\n\t\t\t\t<\/div>\n\t\t\t\t\t\t\t\t<\/div>\n\t\t\t\t<\/div>\n\t\t\t\t<div class=\"elementor-element elementor-element-fdb696e elementor-widget elementor-widget-heading\" data-id=\"fdb696e\" data-element_type=\"widget\" data-e-type=\"widget\" data-widget_type=\"heading.default\">\n\t\t\t\t<div class=\"elementor-widget-container\">\n\t\t\t\t\t<h2 class=\"elementor-heading-title elementor-size-default\">Puedes apoyarnos con tan solo seguirnos<\/h2>\t\t\t\t<\/div>\n\t\t\t\t<\/div>\n\t\t\t\t<div class=\"elementor-element elementor-element-3d1512a elementor-mobile-align-center elementor-align-justify elementor-widget-mobile__width-auto elementor-widget elementor-widget-button\" data-id=\"3d1512a\" data-element_type=\"widget\" data-e-type=\"widget\" data-widget_type=\"button.default\">\n\t\t\t\t<div class=\"elementor-widget-container\">\n\t\t\t\t\t\t\t\t\t<div class=\"elementor-button-wrapper\">\n\t\t\t\t\t<a class=\"elementor-button elementor-button-link elementor-size-sm elementor-animation-grow\" href=\"https:\/\/www.facebook.com\/dynamicmedellinn?_rdc=1&#038;_rdr\">\n\t\t\t\t\t\t<span class=\"elementor-button-content-wrapper\">\n\t\t\t\t\t\t<span class=\"elementor-button-icon\">\n\t\t\t\t<i aria-hidden=\"true\" class=\"fab fa-facebook\"><\/i>\t\t\t<\/span>\n\t\t\t\t\t\t\t\t<\/span>\n\t\t\t\t\t<\/a>\n\t\t\t\t<\/div>\n\t\t\t\t\t\t\t\t<\/div>\n\t\t\t\t<\/div>\n\t\t\t\t<div class=\"elementor-element elementor-element-26edcc8 elementor-mobile-align-center elementor-align-justify elementor-widget-mobile__width-auto elementor-widget elementor-widget-button\" data-id=\"26edcc8\" data-element_type=\"widget\" data-e-type=\"widget\" data-widget_type=\"button.default\">\n\t\t\t\t<div class=\"elementor-widget-container\">\n\t\t\t\t\t\t\t\t\t<div class=\"elementor-button-wrapper\">\n\t\t\t\t\t<a class=\"elementor-button elementor-button-link elementor-size-sm elementor-animation-grow\" href=\"https:\/\/www.instagram.com\/dynamicmedellin\/\">\n\t\t\t\t\t\t<span class=\"elementor-button-content-wrapper\">\n\t\t\t\t\t\t<span class=\"elementor-button-icon\">\n\t\t\t\t<i aria-hidden=\"true\" class=\"fab fa-instagram\"><\/i>\t\t\t<\/span>\n\t\t\t\t\t\t\t\t<\/span>\n\t\t\t\t\t<\/a>\n\t\t\t\t<\/div>\n\t\t\t\t\t\t\t\t<\/div>\n\t\t\t\t<\/div>\n\t\t\t\t<div class=\"elementor-element elementor-element-88a48e1 elementor-mobile-align-center elementor-align-justify elementor-widget-mobile__width-auto elementor-widget elementor-widget-button\" data-id=\"88a48e1\" data-element_type=\"widget\" data-e-type=\"widget\" data-widget_type=\"button.default\">\n\t\t\t\t<div class=\"elementor-widget-container\">\n\t\t\t\t\t\t\t\t\t<div class=\"elementor-button-wrapper\">\n\t\t\t\t\t<a class=\"elementor-button elementor-button-link elementor-size-sm elementor-animation-grow\" href=\"https:\/\/www.tiktok.com\/@dynamicmedellin\">\n\t\t\t\t\t\t<span class=\"elementor-button-content-wrapper\">\n\t\t\t\t\t\t<span class=\"elementor-button-icon\">\n\t\t\t\t<i aria-hidden=\"true\" class=\"fab fa-tiktok\"><\/i>\t\t\t<\/span>\n\t\t\t\t\t\t\t\t<\/span>\n\t\t\t\t\t<\/a>\n\t\t\t\t<\/div>\n\t\t\t\t\t\t\t\t<\/div>\n\t\t\t\t<\/div>\n\t\t\t\t<div class=\"elementor-element elementor-element-ae61a84 elementor-mobile-align-center elementor-align-justify elementor-widget-mobile__width-auto elementor-widget elementor-widget-button\" data-id=\"ae61a84\" data-element_type=\"widget\" data-e-type=\"widget\" data-widget_type=\"button.default\">\n\t\t\t\t<div class=\"elementor-widget-container\">\n\t\t\t\t\t\t\t\t\t<div class=\"elementor-button-wrapper\">\n\t\t\t\t\t<a class=\"elementor-button elementor-button-link elementor-size-sm elementor-animation-grow\" href=\"https:\/\/www.youtube.com\/channel\/UCzCIIOSv19G1brNDzyxhRjQ\">\n\t\t\t\t\t\t<span class=\"elementor-button-content-wrapper\">\n\t\t\t\t\t\t<span class=\"elementor-button-icon\">\n\t\t\t\t<i aria-hidden=\"true\" class=\"fab fa-youtube\"><\/i>\t\t\t<\/span>\n\t\t\t\t\t\t\t\t<\/span>\n\t\t\t\t\t<\/a>\n\t\t\t\t<\/div>\n\t\t\t\t\t\t\t\t<\/div>\n\t\t\t\t<\/div>\n\t\t\t\t<div class=\"elementor-element elementor-element-67976f7 elementor-widget elementor-widget-heading\" data-id=\"67976f7\" data-element_type=\"widget\" data-e-type=\"widget\" data-widget_type=\"heading.default\">\n\t\t\t\t<div class=\"elementor-widget-container\">\n\t\t\t\t\t<h2 class=\"elementor-heading-title elementor-size-default\">Vis\u00edtanos en Medell\u00edn o Regalanos una rese\u00f1a<\/h2>\t\t\t\t<\/div>\n\t\t\t\t<\/div>\n\t\t\t\t<div class=\"elementor-element elementor-element-fbc74d4 elementor-mobile-align-center elementor-align-justify elementor-widget-mobile__width-auto elementor-widget elementor-widget-button\" data-id=\"fbc74d4\" data-element_type=\"widget\" data-e-type=\"widget\" data-widget_type=\"button.default\">\n\t\t\t\t<div class=\"elementor-widget-container\">\n\t\t\t\t\t\t\t\t\t<div class=\"elementor-button-wrapper\">\n\t\t\t\t\t<a class=\"elementor-button elementor-button-link elementor-size-sm elementor-animation-grow\" href=\"https:\/\/maps.app.goo.gl\/2osyA5uydydf8hZ27\">\n\t\t\t\t\t\t<span class=\"elementor-button-content-wrapper\">\n\t\t\t\t\t\t<span class=\"elementor-button-icon\">\n\t\t\t\t<i aria-hidden=\"true\" class=\"fas fa-location-arrow\"><\/i>\t\t\t<\/span>\n\t\t\t\t\t\t\t\t<\/span>\n\t\t\t\t\t<\/a>\n\t\t\t\t<\/div>\n\t\t\t\t\t\t\t\t<\/div>\n\t\t\t\t<\/div>\n\t\t\t\t<div class=\"elementor-element elementor-element-bc2f10e elementor-widget elementor-widget-heading\" data-id=\"bc2f10e\" data-element_type=\"widget\" data-e-type=\"widget\" data-widget_type=\"heading.default\">\n\t\t\t\t<div class=\"elementor-widget-container\">\n\t\t\t\t\t<h2 class=\"elementor-heading-title elementor-size-default\">Gracias por apoyarnos &#128591;<\/h2>\t\t\t\t<\/div>\n\t\t\t\t<\/div>\n\t\t\t\t\t<\/div>\n\t\t<\/div>\n\t\t\t\t\t<\/div>\n\t\t<\/section>\n\t\t\t\t<\/div>\n\t\t","protected":false},"excerpt":{"rendered":"<p>Guardar Contacto Puedes apoyarnos con tan solo seguirnos Vis\u00edtanos en Medell\u00edn o Regalanos una rese\u00f1a Gracias por apoyarnos &#128591;<\/p>\n","protected":false},"author":1,"featured_media":0,"parent":0,"menu_order":0,"comment_status":"closed","ping_status":"closed","template":"elementor_canvas","meta":{"_monsterinsights_skip_tracking":false,"_monsterinsights_sitenote_active":false,"_monsterinsights_sitenote_note":"","_monsterinsights_sitenote_category":0,"footnotes":""},"class_list":["post-5018","page","type-page","status-publish","hentry"],"yoast_head":"<!-- This site is optimized with the Yoast SEO Premium plugin v21.4 (Yoast SEO v27.4) - https:\/\/yoast.com\/product\/yoast-seo-premium-wordpress\/ -->\n<title>Redes y Contacto - Dynamic Medell\u00edn<\/title>\n<meta name=\"robots\" content=\"index, follow, max-snippet:-1, max-image-preview:large, max-video-preview:-1\" \/>\n<link rel=\"canonical\" href=\"https:\/\/dynamicmedellin.com\/index.php\/sociales\/\" \/>\n<meta property=\"og:locale\" content=\"es_ES\" \/>\n<meta property=\"og:type\" content=\"article\" \/>\n<meta property=\"og:title\" content=\"Redes y Contacto\" \/>\n<meta property=\"og:description\" content=\"Guardar Contacto Puedes apoyarnos con tan solo seguirnos Vis\u00edtanos en Medell\u00edn o Regalanos una rese\u00f1a Gracias por apoyarnos &#128591;\" \/>\n<meta property=\"og:url\" content=\"https:\/\/dynamicmedellin.com\/index.php\/sociales\/\" \/>\n<meta property=\"og:site_name\" content=\"Dynamic Medell\u00edn\" \/>\n<meta property=\"article:publisher\" content=\"https:\/\/www.facebook.com\/dynamicmedellinn?_rdc=1&amp;_rdr\" \/>\n<meta property=\"article:modified_time\" content=\"2025-03-25T19:08:48+00:00\" \/>\n<meta property=\"og:image\" content=\"https:\/\/dynamicmedellin.com\/wp-content\/uploads\/2024\/06\/finns2-150x150.png\" \/>\n<meta name=\"twitter:card\" content=\"summary_large_image\" \/>\n<meta name=\"twitter:label1\" content=\"Tiempo de lectura\" \/>\n\t<meta name=\"twitter:data1\" content=\"1 minuto\" \/>\n<script type=\"application\/ld+json\" class=\"yoast-schema-graph\">{\"@context\":\"https:\\\/\\\/schema.org\",\"@graph\":[{\"@type\":\"WebPage\",\"@id\":\"https:\\\/\\\/dynamicmedellin.com\\\/index.php\\\/sociales\\\/\",\"url\":\"https:\\\/\\\/dynamicmedellin.com\\\/index.php\\\/sociales\\\/\",\"name\":\"Redes y Contacto - Dynamic Medell\u00edn\",\"isPartOf\":{\"@id\":\"https:\\\/\\\/dynamicmedellin.com\\\/#website\"},\"primaryImageOfPage\":{\"@id\":\"https:\\\/\\\/dynamicmedellin.com\\\/index.php\\\/sociales\\\/#primaryimage\"},\"image\":{\"@id\":\"https:\\\/\\\/dynamicmedellin.com\\\/index.php\\\/sociales\\\/#primaryimage\"},\"thumbnailUrl\":\"https:\\\/\\\/dynamicmedellin.com\\\/wp-content\\\/uploads\\\/2024\\\/06\\\/finns2-150x150.png\",\"datePublished\":\"2023-04-21T14:22:10+00:00\",\"dateModified\":\"2025-03-25T19:08:48+00:00\",\"breadcrumb\":{\"@id\":\"https:\\\/\\\/dynamicmedellin.com\\\/index.php\\\/sociales\\\/#breadcrumb\"},\"inLanguage\":\"es\",\"potentialAction\":[{\"@type\":\"ReadAction\",\"target\":[\"https:\\\/\\\/dynamicmedellin.com\\\/index.php\\\/sociales\\\/\"]}]},{\"@type\":\"ImageObject\",\"inLanguage\":\"es\",\"@id\":\"https:\\\/\\\/dynamicmedellin.com\\\/index.php\\\/sociales\\\/#primaryimage\",\"url\":\"https:\\\/\\\/i0.wp.com\\\/dynamicmedellin.com\\\/wp-content\\\/uploads\\\/2024\\\/06\\\/finns2.png?fit=1502%2C1191&ssl=1\",\"contentUrl\":\"https:\\\/\\\/i0.wp.com\\\/dynamicmedellin.com\\\/wp-content\\\/uploads\\\/2024\\\/06\\\/finns2.png?fit=1502%2C1191&ssl=1\",\"width\":1502,\"height\":1191},{\"@type\":\"BreadcrumbList\",\"@id\":\"https:\\\/\\\/dynamicmedellin.com\\\/index.php\\\/sociales\\\/#breadcrumb\",\"itemListElement\":[{\"@type\":\"ListItem\",\"position\":1,\"name\":\"Home\",\"item\":\"https:\\\/\\\/dynamicmedellin.com\\\/\"},{\"@type\":\"ListItem\",\"position\":2,\"name\":\"Redes y Contacto\"}]},{\"@type\":\"WebSite\",\"@id\":\"https:\\\/\\\/dynamicmedellin.com\\\/#website\",\"url\":\"https:\\\/\\\/dynamicmedellin.com\\\/\",\"name\":\"Dynamic Medellin\",\"description\":\"Somos tu mejor opci\u00f3n\",\"publisher\":{\"@id\":\"https:\\\/\\\/dynamicmedellin.com\\\/#organization\"},\"alternateName\":\"dynamicmedellin\",\"potentialAction\":[{\"@type\":\"SearchAction\",\"target\":{\"@type\":\"EntryPoint\",\"urlTemplate\":\"https:\\\/\\\/dynamicmedellin.com\\\/?s={search_term_string}\"},\"query-input\":{\"@type\":\"PropertyValueSpecification\",\"valueRequired\":true,\"valueName\":\"search_term_string\"}}],\"inLanguage\":\"es\"},{\"@type\":\"Organization\",\"@id\":\"https:\\\/\\\/dynamicmedellin.com\\\/#organization\",\"name\":\"Dynamic Medellin\",\"url\":\"https:\\\/\\\/dynamicmedellin.com\\\/\",\"logo\":{\"@type\":\"ImageObject\",\"inLanguage\":\"es\",\"@id\":\"https:\\\/\\\/dynamicmedellin.com\\\/#\\\/schema\\\/logo\\\/image\\\/\",\"url\":\"https:\\\/\\\/dynamicmedellin.com\\\/wp-content\\\/uploads\\\/2023\\\/05\\\/info-copia.png\",\"contentUrl\":\"https:\\\/\\\/dynamicmedellin.com\\\/wp-content\\\/uploads\\\/2023\\\/05\\\/info-copia.png\",\"width\":640,\"height\":500,\"caption\":\"Dynamic Medellin\"},\"image\":{\"@id\":\"https:\\\/\\\/dynamicmedellin.com\\\/#\\\/schema\\\/logo\\\/image\\\/\"},\"sameAs\":[\"https:\\\/\\\/www.facebook.com\\\/dynamicmedellinn?_rdc=1&_rdr\",\"https:\\\/\\\/www.instagram.com\\\/dynamicmedellin\\\/\",\"https:\\\/\\\/www.youtube.com\\\/channel\\\/UCzCIIOSv19G1brNDzyxhRjQ\"]}]}<\/script>\n<!-- \/ Yoast SEO Premium plugin. -->","yoast_head_json":{"title":"Redes y Contacto - Dynamic Medell\u00edn","robots":{"index":"index","follow":"follow","max-snippet":"max-snippet:-1","max-image-preview":"max-image-preview:large","max-video-preview":"max-video-preview:-1"},"canonical":"https:\/\/dynamicmedellin.com\/index.php\/sociales\/","og_locale":"es_ES","og_type":"article","og_title":"Redes y Contacto","og_description":"Guardar Contacto Puedes apoyarnos con tan solo seguirnos Vis\u00edtanos en Medell\u00edn o Regalanos una rese\u00f1a Gracias por apoyarnos &#128591;","og_url":"https:\/\/dynamicmedellin.com\/index.php\/sociales\/","og_site_name":"Dynamic Medell\u00edn","article_publisher":"https:\/\/www.facebook.com\/dynamicmedellinn?_rdc=1&_rdr","article_modified_time":"2025-03-25T19:08:48+00:00","og_image":[{"url":"https:\/\/dynamicmedellin.com\/wp-content\/uploads\/2024\/06\/finns2-150x150.png","type":"","width":"","height":""}],"twitter_card":"summary_large_image","twitter_misc":{"Tiempo de lectura":"1 minuto"},"schema":{"@context":"https:\/\/schema.org","@graph":[{"@type":"WebPage","@id":"https:\/\/dynamicmedellin.com\/index.php\/sociales\/","url":"https:\/\/dynamicmedellin.com\/index.php\/sociales\/","name":"Redes y Contacto - Dynamic Medell\u00edn","isPartOf":{"@id":"https:\/\/dynamicmedellin.com\/#website"},"primaryImageOfPage":{"@id":"https:\/\/dynamicmedellin.com\/index.php\/sociales\/#primaryimage"},"image":{"@id":"https:\/\/dynamicmedellin.com\/index.php\/sociales\/#primaryimage"},"thumbnailUrl":"https:\/\/dynamicmedellin.com\/wp-content\/uploads\/2024\/06\/finns2-150x150.png","datePublished":"2023-04-21T14:22:10+00:00","dateModified":"2025-03-25T19:08:48+00:00","breadcrumb":{"@id":"https:\/\/dynamicmedellin.com\/index.php\/sociales\/#breadcrumb"},"inLanguage":"es","potentialAction":[{"@type":"ReadAction","target":["https:\/\/dynamicmedellin.com\/index.php\/sociales\/"]}]},{"@type":"ImageObject","inLanguage":"es","@id":"https:\/\/dynamicmedellin.com\/index.php\/sociales\/#primaryimage","url":"https:\/\/i0.wp.com\/dynamicmedellin.com\/wp-content\/uploads\/2024\/06\/finns2.png?fit=1502%2C1191&ssl=1","contentUrl":"https:\/\/i0.wp.com\/dynamicmedellin.com\/wp-content\/uploads\/2024\/06\/finns2.png?fit=1502%2C1191&ssl=1","width":1502,"height":1191},{"@type":"BreadcrumbList","@id":"https:\/\/dynamicmedellin.com\/index.php\/sociales\/#breadcrumb","itemListElement":[{"@type":"ListItem","position":1,"name":"Home","item":"https:\/\/dynamicmedellin.com\/"},{"@type":"ListItem","position":2,"name":"Redes y Contacto"}]},{"@type":"WebSite","@id":"https:\/\/dynamicmedellin.com\/#website","url":"https:\/\/dynamicmedellin.com\/","name":"Dynamic Medellin","description":"Somos tu mejor opci\u00f3n","publisher":{"@id":"https:\/\/dynamicmedellin.com\/#organization"},"alternateName":"dynamicmedellin","potentialAction":[{"@type":"SearchAction","target":{"@type":"EntryPoint","urlTemplate":"https:\/\/dynamicmedellin.com\/?s={search_term_string}"},"query-input":{"@type":"PropertyValueSpecification","valueRequired":true,"valueName":"search_term_string"}}],"inLanguage":"es"},{"@type":"Organization","@id":"https:\/\/dynamicmedellin.com\/#organization","name":"Dynamic Medellin","url":"https:\/\/dynamicmedellin.com\/","logo":{"@type":"ImageObject","inLanguage":"es","@id":"https:\/\/dynamicmedellin.com\/#\/schema\/logo\/image\/","url":"https:\/\/dynamicmedellin.com\/wp-content\/uploads\/2023\/05\/info-copia.png","contentUrl":"https:\/\/dynamicmedellin.com\/wp-content\/uploads\/2023\/05\/info-copia.png","width":640,"height":500,"caption":"Dynamic Medellin"},"image":{"@id":"https:\/\/dynamicmedellin.com\/#\/schema\/logo\/image\/"},"sameAs":["https:\/\/www.facebook.com\/dynamicmedellinn?_rdc=1&_rdr","https:\/\/www.instagram.com\/dynamicmedellin\/","https:\/\/www.youtube.com\/channel\/UCzCIIOSv19G1brNDzyxhRjQ"]}]}},"jetpack_sharing_enabled":true,"_links":{"self":[{"href":"https:\/\/dynamicmedellin.com\/index.php\/wp-json\/wp\/v2\/pages\/5018","targetHints":{"allow":["GET"]}}],"collection":[{"href":"https:\/\/dynamicmedellin.com\/index.php\/wp-json\/wp\/v2\/pages"}],"about":[{"href":"https:\/\/dynamicmedellin.com\/index.php\/wp-json\/wp\/v2\/types\/page"}],"author":[{"embeddable":true,"href":"https:\/\/dynamicmedellin.com\/index.php\/wp-json\/wp\/v2\/users\/1"}],"replies":[{"embeddable":true,"href":"https:\/\/dynamicmedellin.com\/index.php\/wp-json\/wp\/v2\/comments?post=5018"}],"version-history":[{"count":275,"href":"https:\/\/dynamicmedellin.com\/index.php\/wp-json\/wp\/v2\/pages\/5018\/revisions"}],"predecessor-version":[{"id":21283,"href":"https:\/\/dynamicmedellin.com\/index.php\/wp-json\/wp\/v2\/pages\/5018\/revisions\/21283"}],"wp:attachment":[{"href":"https:\/\/dynamicmedellin.com\/index.php\/wp-json\/wp\/v2\/media?parent=5018"}],"curies":[{"name":"wp","href":"https:\/\/api.w.org\/{rel}","templated":true}]}}