{"id":4074,"date":"2019-10-21T20:12:00","date_gmt":"2019-10-22T01:12:00","guid":{"rendered":"https:\/\/vendyna.co\/?page_id=92"},"modified":"2024-03-24T12:25:17","modified_gmt":"2024-03-24T17:25:17","slug":"terminosycondiciones","status":"publish","type":"page","link":"https:\/\/dynamicmedellin.com\/index.php\/terminosycondiciones\/","title":{"rendered":"Terminos y Condiciones"},"content":{"rendered":"\t\t<div data-elementor-type=\"wp-page\" data-elementor-id=\"4074\" class=\"elementor elementor-4074\" data-elementor-post-type=\"page\">\n\t\t\t\t\t\t<section class=\"elementor-section elementor-top-section elementor-element elementor-element-e0bedf3 elementor-section-boxed elementor-section-height-default elementor-section-height-default\" data-id=\"e0bedf3\" data-element_type=\"section\" data-e-type=\"section\">\n\t\t\t\t\t\t<div class=\"elementor-container elementor-column-gap-default\">\n\t\t\t\t\t<div class=\"elementor-column elementor-col-50 elementor-top-column elementor-element elementor-element-b899979\" data-id=\"b899979\" data-element_type=\"column\" data-e-type=\"column\">\n\t\t\t<div class=\"elementor-widget-wrap elementor-element-populated\">\n\t\t\t\t\t\t<div class=\"elementor-element elementor-element-bdb96d5 elementor-widget elementor-widget-heading\" data-id=\"bdb96d5\" data-element_type=\"widget\" data-e-type=\"widget\" data-widget_type=\"heading.default\">\n\t\t\t\t<div class=\"elementor-widget-container\">\n\t\t\t\t\t<h3 class=\"elementor-heading-title elementor-size-default\">Terminos y Condiciones<\/h3>\t\t\t\t<\/div>\n\t\t\t\t<\/div>\n\t\t\t\t<div class=\"elementor-element elementor-element-18274602 elementor-widget elementor-widget-text-editor\" data-id=\"18274602\" data-element_type=\"widget\" data-e-type=\"widget\" data-widget_type=\"text-editor.default\">\n\t\t\t\t<div class=\"elementor-widget-container\">\n\t\t\t\t\t\t\t\t\t<p>Es requisito necesario para la adquisici\u00f3n de los productos que se ofrecen en este sitio, que lea y acepte los siguientes T\u00e9rminos y Condiciones que a continuaci\u00f3n se redactan. El uso de nuestros servicios as\u00ed como la compra de nuestros productos implicar\u00e1 que usted ha le\u00eddo y aceptado los T\u00e9rminos y Condiciones de Uso en el presente documento.<\/p><p>Todas las compras y transacciones que se lleven a cabo por medio de este sitio web, est\u00e1n sujetas a un proceso de confirmaci\u00f3n y verificaci\u00f3n, el cual podr\u00eda incluir la verificaci\u00f3n del stock y disponibilidad de producto, validaci\u00f3n de la forma de pago, validaci\u00f3n de la factura (en caso de existir) y el cumplimiento de las condiciones requeridas por el medio de pago seleccionado. En algunos casos puede que se requiera una verificaci\u00f3n por medio de correo electr\u00f3nico.<\/p><p>Los precios de los productos ofrecidos en esta Tienda Online es v\u00e1lido solamente en las compras realizadas en este sitio web.<span id=\"result_box\" class=\"short_text\" lang=\"es\"><\/span><\/p><p><strong>PROPIEDAD<\/strong><\/p><p>Usted no puede declarar propiedad intelectual o exclusiva a ninguno de nuestros productos, modificado o sin modificar. Todos los productos son propiedad \u00a0de Dynamic Group. En ning\u00fan caso esta compa\u00f1\u00eda ser\u00e1 \u00a0responsable de ning\u00fan de ser ocasionado por da\u00f1os directos, indirectos, especiales, fortuitos o consecuentes u otras p\u00e9rdidas resultantes del uso o de la imposibilidad de utilizar nuestros productos.<\/p>\t\t\t\t\t\t\t\t<\/div>\n\t\t\t\t<\/div>\n\t\t\t\t<div class=\"elementor-element elementor-element-2e20a030 elementor-widget elementor-widget-image\" data-id=\"2e20a030\" data-element_type=\"widget\" data-e-type=\"widget\" data-widget_type=\"image.default\">\n\t\t\t\t<div class=\"elementor-widget-container\">\n\t\t\t\t\t\t\t\t\t\t\t\t\t\t\t<img data-recalc-dims=\"1\" decoding=\"async\" src=\"https:\/\/i0.wp.com\/solucionesdynamic.com\/wp-content\/uploads\/2019\/10\/terminos.png?ssl=1\" title=\"\" alt=\"\" loading=\"lazy\" \/>\t\t\t\t\t\t\t\t\t\t\t\t\t\t\t<\/div>\n\t\t\t\t<\/div>\n\t\t\t\t\t<\/div>\n\t\t<\/div>\n\t\t\t\t<div class=\"elementor-column elementor-col-50 elementor-top-column elementor-element elementor-element-95f4c73\" data-id=\"95f4c73\" data-element_type=\"column\" data-e-type=\"column\">\n\t\t\t<div class=\"elementor-widget-wrap elementor-element-populated\">\n\t\t\t\t\t\t<div class=\"elementor-element elementor-element-6ad0220b elementor-widget elementor-widget-heading\" data-id=\"6ad0220b\" data-element_type=\"widget\" data-e-type=\"widget\" data-widget_type=\"heading.default\">\n\t\t\t\t<div class=\"elementor-widget-container\">\n\t\t\t\t\t<h3 class=\"elementor-heading-title elementor-size-default\"><a href=\"https:\/\/dynamicmedellin.com\/index.php\/terminos-y-condiciones-para-garantia-de-drones\/\">T\u00e9rminos y Condiciones para garant\u00eda de drones.<\/a><\/h3>\t\t\t\t<\/div>\n\t\t\t\t<\/div>\n\t\t\t\t<div class=\"elementor-element elementor-element-7838787 elementor-widget elementor-widget-heading\" data-id=\"7838787\" data-element_type=\"widget\" data-e-type=\"widget\" data-widget_type=\"heading.default\">\n\t\t\t\t<div class=\"elementor-widget-container\">\n\t\t\t\t\t<h3 class=\"elementor-heading-title elementor-size-default\"><a href=\"https:\/\/dynamicmedellin.com\/index.php\/terminos-y-condiciones-departamento-de-garantias-y-servicio-tecnico-2\/\">T\u00e9rminos y condiciones para departamento de garant\u00edas y servicio t\u00e9cnico.<\/a><\/h3>\t\t\t\t<\/div>\n\t\t\t\t<\/div>\n\t\t\t\t<div class=\"elementor-element elementor-element-03f467e elementor-widget elementor-widget-heading\" data-id=\"03f467e\" data-element_type=\"widget\" data-e-type=\"widget\" data-widget_type=\"heading.default\">\n\t\t\t\t<div class=\"elementor-widget-container\">\n\t\t\t\t\t<h3 class=\"elementor-heading-title elementor-size-default\"><a href=\"https:\/\/dynamicmedellin.com\/index.php\/terminos-y-condiciones-para-ley-de-retracto-y-reembolso\/\">T\u00e9rminos y condiciones para ley de retracto y reembolso<\/a><\/h3>\t\t\t\t<\/div>\n\t\t\t\t<\/div>\n\t\t\t\t<div class=\"elementor-element elementor-element-41a38d2 elementor-widget elementor-widget-heading\" data-id=\"41a38d2\" data-element_type=\"widget\" data-e-type=\"widget\" data-widget_type=\"heading.default\">\n\t\t\t\t<div class=\"elementor-widget-container\">\n\t\t\t\t\t<h3 class=\"elementor-heading-title elementor-size-default\"><a href=\"https:\/\/dynamicmedellin.com\/index.php\/politicas-de-privacidad\/\">Pol\u00edtica de Privacidad y Protecci\u00f3n de Datos Personales<\/a><\/h3>\t\t\t\t<\/div>\n\t\t\t\t<\/div>\n\t\t\t\t<div class=\"elementor-element elementor-element-6bf2d61 elementor-invisible elementor-widget elementor-widget-image\" data-id=\"6bf2d61\" data-element_type=\"widget\" data-e-type=\"widget\" data-settings=\"{&quot;_animation&quot;:&quot;shake&quot;}\" data-widget_type=\"image.default\">\n\t\t\t\t<div class=\"elementor-widget-container\">\n\t\t\t\t\t\t\t\t\t\t\t\t\t\t\t\t<a href=\"https:\/\/dynamicmedellin.com\/index.php\/politicas-de-privacidad\/\">\n\t\t\t\t\t\t\t<img data-recalc-dims=\"1\" height=\"330\" width=\"660\" decoding=\"async\" src=\"https:\/\/i0.wp.com\/solucionesdynamic.com\/wp-content\/uploads\/2019\/10\/Politica_de_Privacidad-660x330.jpg?resize=660%2C330&#038;ssl=1\" title=\"\" alt=\"\" loading=\"lazy\" \/>\t\t\t\t\t\t\t\t<\/a>\n\t\t\t\t\t\t\t\t\t\t\t\t\t\t\t<\/div>\n\t\t\t\t<\/div>\n\t\t\t\t\t<\/div>\n\t\t<\/div>\n\t\t\t\t\t<\/div>\n\t\t<\/section>\n\t\t\t\t<\/div>\n\t\t","protected":false},"excerpt":{"rendered":"<p>Terminos y Condiciones Es requisito necesario para la adquisici\u00f3n de los productos que se ofrecen en este sitio, que lea y acepte los siguientes T\u00e9rminos y Condiciones que a continuaci\u00f3n se redactan. El uso de nuestros servicios as\u00ed como la compra de nuestros productos implicar\u00e1 que usted ha le\u00eddo y aceptado los T\u00e9rminos y Condiciones [&hellip;]<\/p>\n","protected":false},"author":1,"featured_media":0,"parent":0,"menu_order":0,"comment_status":"closed","ping_status":"closed","template":"elementor_header_footer","meta":{"_monsterinsights_skip_tracking":false,"_monsterinsights_sitenote_active":false,"_monsterinsights_sitenote_note":"","_monsterinsights_sitenote_category":0,"footnotes":""},"class_list":["post-4074","page","type-page","status-publish","hentry"],"yoast_head":"<!-- This site is optimized with the Yoast SEO Premium plugin v21.4 (Yoast SEO v27.4) - https:\/\/yoast.com\/product\/yoast-seo-premium-wordpress\/ -->\n<title>Terminos y Condiciones - Dynamic Medell\u00edn<\/title>\n<meta name=\"robots\" content=\"index, follow, max-snippet:-1, max-image-preview:large, max-video-preview:-1\" \/>\n<link rel=\"canonical\" href=\"https:\/\/dynamicmedellin.com\/index.php\/terminosycondiciones\/\" \/>\n<meta property=\"og:locale\" content=\"es_ES\" \/>\n<meta property=\"og:type\" content=\"article\" \/>\n<meta property=\"og:title\" content=\"Terminos y Condiciones\" \/>\n<meta property=\"og:description\" content=\"Terminos y Condiciones Es requisito necesario para la adquisici\u00f3n de los productos que se ofrecen en este sitio, que lea y acepte los siguientes T\u00e9rminos y Condiciones que a continuaci\u00f3n se redactan. El uso de nuestros servicios as\u00ed como la compra de nuestros productos implicar\u00e1 que usted ha le\u00eddo y aceptado los T\u00e9rminos y Condiciones [&hellip;]\" \/>\n<meta property=\"og:url\" content=\"https:\/\/dynamicmedellin.com\/index.php\/terminosycondiciones\/\" \/>\n<meta property=\"og:site_name\" content=\"Dynamic Medell\u00edn\" \/>\n<meta property=\"article:publisher\" content=\"https:\/\/www.facebook.com\/dynamicmedellinn?_rdc=1&amp;_rdr\" \/>\n<meta property=\"article:modified_time\" content=\"2024-03-24T17:25:17+00:00\" \/>\n<meta property=\"og:image\" content=\"https:\/\/solucionesdynamic.com\/wp-content\/uploads\/2019\/10\/terminos.png\" \/>\n<meta name=\"twitter:card\" content=\"summary_large_image\" \/>\n<meta name=\"twitter:label1\" content=\"Tiempo de lectura\" \/>\n\t<meta name=\"twitter:data1\" content=\"2 minutos\" \/>\n<script type=\"application\/ld+json\" class=\"yoast-schema-graph\">{\"@context\":\"https:\\\/\\\/schema.org\",\"@graph\":[{\"@type\":\"WebPage\",\"@id\":\"https:\\\/\\\/dynamicmedellin.com\\\/index.php\\\/terminosycondiciones\\\/\",\"url\":\"https:\\\/\\\/dynamicmedellin.com\\\/index.php\\\/terminosycondiciones\\\/\",\"name\":\"Terminos y Condiciones - Dynamic Medell\u00edn\",\"isPartOf\":{\"@id\":\"https:\\\/\\\/dynamicmedellin.com\\\/#website\"},\"primaryImageOfPage\":{\"@id\":\"https:\\\/\\\/dynamicmedellin.com\\\/index.php\\\/terminosycondiciones\\\/#primaryimage\"},\"image\":{\"@id\":\"https:\\\/\\\/dynamicmedellin.com\\\/index.php\\\/terminosycondiciones\\\/#primaryimage\"},\"thumbnailUrl\":\"https:\\\/\\\/solucionesdynamic.com\\\/wp-content\\\/uploads\\\/2019\\\/10\\\/terminos.png\",\"datePublished\":\"2019-10-22T01:12:00+00:00\",\"dateModified\":\"2024-03-24T17:25:17+00:00\",\"breadcrumb\":{\"@id\":\"https:\\\/\\\/dynamicmedellin.com\\\/index.php\\\/terminosycondiciones\\\/#breadcrumb\"},\"inLanguage\":\"es\",\"potentialAction\":[{\"@type\":\"ReadAction\",\"target\":[\"https:\\\/\\\/dynamicmedellin.com\\\/index.php\\\/terminosycondiciones\\\/\"]}]},{\"@type\":\"ImageObject\",\"inLanguage\":\"es\",\"@id\":\"https:\\\/\\\/dynamicmedellin.com\\\/index.php\\\/terminosycondiciones\\\/#primaryimage\",\"url\":\"https:\\\/\\\/solucionesdynamic.com\\\/wp-content\\\/uploads\\\/2019\\\/10\\\/terminos.png\",\"contentUrl\":\"https:\\\/\\\/solucionesdynamic.com\\\/wp-content\\\/uploads\\\/2019\\\/10\\\/terminos.png\"},{\"@type\":\"BreadcrumbList\",\"@id\":\"https:\\\/\\\/dynamicmedellin.com\\\/index.php\\\/terminosycondiciones\\\/#breadcrumb\",\"itemListElement\":[{\"@type\":\"ListItem\",\"position\":1,\"name\":\"Home\",\"item\":\"https:\\\/\\\/dynamicmedellin.com\\\/\"},{\"@type\":\"ListItem\",\"position\":2,\"name\":\"Terminos y Condiciones\"}]},{\"@type\":\"WebSite\",\"@id\":\"https:\\\/\\\/dynamicmedellin.com\\\/#website\",\"url\":\"https:\\\/\\\/dynamicmedellin.com\\\/\",\"name\":\"Dynamic Medellin\",\"description\":\"Somos tu mejor opci\u00f3n\",\"publisher\":{\"@id\":\"https:\\\/\\\/dynamicmedellin.com\\\/#organization\"},\"alternateName\":\"dynamicmedellin\",\"potentialAction\":[{\"@type\":\"SearchAction\",\"target\":{\"@type\":\"EntryPoint\",\"urlTemplate\":\"https:\\\/\\\/dynamicmedellin.com\\\/?s={search_term_string}\"},\"query-input\":{\"@type\":\"PropertyValueSpecification\",\"valueRequired\":true,\"valueName\":\"search_term_string\"}}],\"inLanguage\":\"es\"},{\"@type\":\"Organization\",\"@id\":\"https:\\\/\\\/dynamicmedellin.com\\\/#organization\",\"name\":\"Dynamic Medellin\",\"url\":\"https:\\\/\\\/dynamicmedellin.com\\\/\",\"logo\":{\"@type\":\"ImageObject\",\"inLanguage\":\"es\",\"@id\":\"https:\\\/\\\/dynamicmedellin.com\\\/#\\\/schema\\\/logo\\\/image\\\/\",\"url\":\"https:\\\/\\\/dynamicmedellin.com\\\/wp-content\\\/uploads\\\/2023\\\/05\\\/info-copia.png\",\"contentUrl\":\"https:\\\/\\\/dynamicmedellin.com\\\/wp-content\\\/uploads\\\/2023\\\/05\\\/info-copia.png\",\"width\":640,\"height\":500,\"caption\":\"Dynamic Medellin\"},\"image\":{\"@id\":\"https:\\\/\\\/dynamicmedellin.com\\\/#\\\/schema\\\/logo\\\/image\\\/\"},\"sameAs\":[\"https:\\\/\\\/www.facebook.com\\\/dynamicmedellinn?_rdc=1&_rdr\",\"https:\\\/\\\/www.instagram.com\\\/dynamicmedellin\\\/\",\"https:\\\/\\\/www.youtube.com\\\/channel\\\/UCzCIIOSv19G1brNDzyxhRjQ\"]}]}<\/script>\n<!-- \/ Yoast SEO Premium plugin. -->","yoast_head_json":{"title":"Terminos y Condiciones - Dynamic Medell\u00edn","robots":{"index":"index","follow":"follow","max-snippet":"max-snippet:-1","max-image-preview":"max-image-preview:large","max-video-preview":"max-video-preview:-1"},"canonical":"https:\/\/dynamicmedellin.com\/index.php\/terminosycondiciones\/","og_locale":"es_ES","og_type":"article","og_title":"Terminos y Condiciones","og_description":"Terminos y Condiciones Es requisito necesario para la adquisici\u00f3n de los productos que se ofrecen en este sitio, que lea y acepte los siguientes T\u00e9rminos y Condiciones que a continuaci\u00f3n se redactan. El uso de nuestros servicios as\u00ed como la compra de nuestros productos implicar\u00e1 que usted ha le\u00eddo y aceptado los T\u00e9rminos y Condiciones [&hellip;]","og_url":"https:\/\/dynamicmedellin.com\/index.php\/terminosycondiciones\/","og_site_name":"Dynamic Medell\u00edn","article_publisher":"https:\/\/www.facebook.com\/dynamicmedellinn?_rdc=1&_rdr","article_modified_time":"2024-03-24T17:25:17+00:00","og_image":[{"url":"https:\/\/solucionesdynamic.com\/wp-content\/uploads\/2019\/10\/terminos.png","type":"","width":"","height":""}],"twitter_card":"summary_large_image","twitter_misc":{"Tiempo de lectura":"2 minutos"},"schema":{"@context":"https:\/\/schema.org","@graph":[{"@type":"WebPage","@id":"https:\/\/dynamicmedellin.com\/index.php\/terminosycondiciones\/","url":"https:\/\/dynamicmedellin.com\/index.php\/terminosycondiciones\/","name":"Terminos y Condiciones - Dynamic Medell\u00edn","isPartOf":{"@id":"https:\/\/dynamicmedellin.com\/#website"},"primaryImageOfPage":{"@id":"https:\/\/dynamicmedellin.com\/index.php\/terminosycondiciones\/#primaryimage"},"image":{"@id":"https:\/\/dynamicmedellin.com\/index.php\/terminosycondiciones\/#primaryimage"},"thumbnailUrl":"https:\/\/solucionesdynamic.com\/wp-content\/uploads\/2019\/10\/terminos.png","datePublished":"2019-10-22T01:12:00+00:00","dateModified":"2024-03-24T17:25:17+00:00","breadcrumb":{"@id":"https:\/\/dynamicmedellin.com\/index.php\/terminosycondiciones\/#breadcrumb"},"inLanguage":"es","potentialAction":[{"@type":"ReadAction","target":["https:\/\/dynamicmedellin.com\/index.php\/terminosycondiciones\/"]}]},{"@type":"ImageObject","inLanguage":"es","@id":"https:\/\/dynamicmedellin.com\/index.php\/terminosycondiciones\/#primaryimage","url":"https:\/\/solucionesdynamic.com\/wp-content\/uploads\/2019\/10\/terminos.png","contentUrl":"https:\/\/solucionesdynamic.com\/wp-content\/uploads\/2019\/10\/terminos.png"},{"@type":"BreadcrumbList","@id":"https:\/\/dynamicmedellin.com\/index.php\/terminosycondiciones\/#breadcrumb","itemListElement":[{"@type":"ListItem","position":1,"name":"Home","item":"https:\/\/dynamicmedellin.com\/"},{"@type":"ListItem","position":2,"name":"Terminos y Condiciones"}]},{"@type":"WebSite","@id":"https:\/\/dynamicmedellin.com\/#website","url":"https:\/\/dynamicmedellin.com\/","name":"Dynamic Medellin","description":"Somos tu mejor opci\u00f3n","publisher":{"@id":"https:\/\/dynamicmedellin.com\/#organization"},"alternateName":"dynamicmedellin","potentialAction":[{"@type":"SearchAction","target":{"@type":"EntryPoint","urlTemplate":"https:\/\/dynamicmedellin.com\/?s={search_term_string}"},"query-input":{"@type":"PropertyValueSpecification","valueRequired":true,"valueName":"search_term_string"}}],"inLanguage":"es"},{"@type":"Organization","@id":"https:\/\/dynamicmedellin.com\/#organization","name":"Dynamic Medellin","url":"https:\/\/dynamicmedellin.com\/","logo":{"@type":"ImageObject","inLanguage":"es","@id":"https:\/\/dynamicmedellin.com\/#\/schema\/logo\/image\/","url":"https:\/\/dynamicmedellin.com\/wp-content\/uploads\/2023\/05\/info-copia.png","contentUrl":"https:\/\/dynamicmedellin.com\/wp-content\/uploads\/2023\/05\/info-copia.png","width":640,"height":500,"caption":"Dynamic Medellin"},"image":{"@id":"https:\/\/dynamicmedellin.com\/#\/schema\/logo\/image\/"},"sameAs":["https:\/\/www.facebook.com\/dynamicmedellinn?_rdc=1&_rdr","https:\/\/www.instagram.com\/dynamicmedellin\/","https:\/\/www.youtube.com\/channel\/UCzCIIOSv19G1brNDzyxhRjQ"]}]}},"jetpack_sharing_enabled":true,"_links":{"self":[{"href":"https:\/\/dynamicmedellin.com\/index.php\/wp-json\/wp\/v2\/pages\/4074","targetHints":{"allow":["GET"]}}],"collection":[{"href":"https:\/\/dynamicmedellin.com\/index.php\/wp-json\/wp\/v2\/pages"}],"about":[{"href":"https:\/\/dynamicmedellin.com\/index.php\/wp-json\/wp\/v2\/types\/page"}],"author":[{"embeddable":true,"href":"https:\/\/dynamicmedellin.com\/index.php\/wp-json\/wp\/v2\/users\/1"}],"replies":[{"embeddable":true,"href":"https:\/\/dynamicmedellin.com\/index.php\/wp-json\/wp\/v2\/comments?post=4074"}],"version-history":[{"count":0,"href":"https:\/\/dynamicmedellin.com\/index.php\/wp-json\/wp\/v2\/pages\/4074\/revisions"}],"wp:attachment":[{"href":"https:\/\/dynamicmedellin.com\/index.php\/wp-json\/wp\/v2\/media?parent=4074"}],"curies":[{"name":"wp","href":"https:\/\/api.w.org\/{rel}","templated":true}]}}